{"id":350,"date":"2018-01-05T16:52:58","date_gmt":"2018-01-05T15:52:58","guid":{"rendered":"https:\/\/www.bktronic.fr\/?page_id=350"},"modified":"2021-11-02T15:37:41","modified_gmt":"2021-11-02T14:37:41","slug":"about-us-bktronic","status":"publish","type":"page","link":"https:\/\/www.bktronic.fr\/de\/bktronic-3\/about-us-bktronic\/","title":{"rendered":"About us"},"content":{"rendered":"<p>&nbsp;<\/p>\n<p><img src=\"https:\/\/www.bktronic.fr\/wp-content\/uploads\/diagnostic-6-e1635252495124.png\" alt=\"ligne page maintenance robotique\" class=\"aligncenter\" \/><\/p>\n<p><img src=\"https:\/\/www.bktronic.fr\/wp-content\/uploads\/\/qui-sommes-nous-3-scaled-e1635863411260-1024x550.jpg\" class=\"size-large aligncenter\" \/><\/p>\n<p>&nbsp;<\/p>\n<p>&nbsp;<\/p>\n<p><strong>BKTRONIC, established in 2009, <\/strong>is a company based in the East of France in Alsace, close to German and Switzerland boarders, and specialised in ABB and KUKA robotic, with a strong knowledge in industrial electronic repair.<\/p>\n<p>Since the beginning, we keep working on offering<strong> new solutions<\/strong> for our customers, to cover the most frequenlty requested needs\u00a0 that an ABB or KUKA user can meet :<\/p>\n<ul>\n<li>Different solutions on all kind of spare parts, from electronic to mechanical parts.<\/li>\n<li>On-site intervention (Preventive and corrective)<\/li>\n<li>Sales of refurbished robots \/ Purchase of used robots and Surplus stock<\/li>\n<\/ul>\n<p><strong><a href=\"https:\/\/www.robotkable.com\/en\/\"><span style=\"color: #f2cb5d;\">roBotKable<\/span><\/a>, a subsidiary of BKTRONIC<\/strong>, located in the same premises, is specialized in the renovation, supply and conception of cables and wires (internal or process) for<strong> industrial robots<\/strong>.<\/p>\n<p>With a <strong>strong competence<\/strong> on the ABB robots brand, we have the technical and human means to answer all types of requests concerning the peripheral connection cables for industrial robots.<\/p>\n<p>In order to propose <strong>high quality parts<\/strong>, we have invested in many robots dedicated to tests purposes (more than 20 robots and test benches), and developped custom test benches for specific parts installed in robots (for example : 7th axis drive units, I\/O boards&#8230;)<\/p>\n<p>All parts are sold with a <strong>1 year warranty<\/strong>. We propose <strong>repair quotations free of charge<\/strong>, and we ensure a fast reply for any requests for quotation.<\/p>\n<p>Taking care of emergencies is part of our daily job : in case of production breakdown, we sure that we&#8217;ll do our best to propose a solution that will fulfill your requirements.<\/p>\n<p>Podemos ofrecer soluciones de intercambio y renovaci\u00f3n est\u00e1ndar para la mayor\u00eda de las referencias instaladas en los robots de ABB.<\/p>\n<h4 style=\"text-align: center;\"><\/h4>\n<h4 style=\"text-align: center;\"><strong>Our expertise also allows us to respond to multiple requests on other brands of robots.<\/strong><\/h4>\n<h4 style=\"text-align: center;\"><\/h4>\n<p><img src=\"https:\/\/www.bktronic.fr\/wp-content\/uploads\/diagnostic-6-e1635252495124.png\" alt=\"ligne page maintenance robotique\" class=\"aligncenter\" \/><\/p>\n","protected":false},"excerpt":{"rendered":"<p>&nbsp; &nbsp; &nbsp; BKTRONIC, established in 2009, is a company based in the East of France in Alsace, close to German and Switzerland boarders, and specialised in ABB and KUKA [&hellip;]<\/p>\n","protected":false},"author":5,"featured_media":12759,"parent":145,"menu_order":35,"comment_status":"closed","ping_status":"closed","template":"","meta":[],"acf":[],"yoast_head":"<!-- This site is optimized with the Yoast SEO plugin v18.3 - https:\/\/yoast.com\/wordpress\/plugins\/seo\/ -->\n<title>About us - Bktronic<\/title>\n<meta name=\"description\" content=\"Bktronic is a company specialized in ABB, KUKA and FANUC robotics with a core business of industrial electronic repair.\" \/>\n<meta name=\"robots\" content=\"index, follow, max-snippet:-1, max-image-preview:large, max-video-preview:-1\" \/>\n<link rel=\"canonical\" href=\"https:\/\/www.bktronic.fr\/de\/bktronic-3\/about-us-bktronic\/\" \/>\n<meta property=\"og:locale\" content=\"de_DE\" \/>\n<meta property=\"og:type\" content=\"article\" \/>\n<meta property=\"og:title\" content=\"About us - Bktronic\" \/>\n<meta property=\"og:description\" content=\"Bktronic is a company specialized in ABB, KUKA and FANUC robotics with a core business of industrial electronic repair.\" \/>\n<meta property=\"og:url\" content=\"https:\/\/www.bktronic.fr\/de\/bktronic-3\/about-us-bktronic\/\" \/>\n<meta property=\"og:site_name\" content=\"Bktronic\" \/>\n<meta property=\"article:modified_time\" content=\"2021-11-02T14:37:41+00:00\" \/>\n<meta property=\"og:image\" content=\"https:\/\/www.bktronic.fr\/wp-content\/uploads\/qui-sommes-nous-3-scaled-e1635863411260.jpg\" \/>\n\t<meta property=\"og:image:width\" content=\"1798\" \/>\n\t<meta property=\"og:image:height\" content=\"966\" \/>\n\t<meta property=\"og:image:type\" content=\"image\/jpeg\" \/>\n<meta name=\"twitter:card\" content=\"summary_large_image\" \/>\n<meta name=\"twitter:label1\" content=\"Gesch\u00e4tzte Lesezeit\" \/>\n\t<meta name=\"twitter:data1\" content=\"2\u00a0Minuten\" \/>\n<script type=\"application\/ld+json\" class=\"yoast-schema-graph\">{\"@context\":\"https:\/\/schema.org\",\"@graph\":[{\"@type\":\"WebSite\",\"@id\":\"https:\/\/www.bktronic.fr\/de\/#website\",\"url\":\"https:\/\/www.bktronic.fr\/de\/\",\"name\":\"Bktronic\",\"description\":\"Sp\u00e9cialiste en robotique ABB, r\u00e9paration et maintenance \u00e9lectronique industrielle - robot abb\",\"potentialAction\":[{\"@type\":\"SearchAction\",\"target\":{\"@type\":\"EntryPoint\",\"urlTemplate\":\"https:\/\/www.bktronic.fr\/de\/?s={search_term_string}\"},\"query-input\":\"required name=search_term_string\"}],\"inLanguage\":\"de\"},{\"@type\":\"ImageObject\",\"@id\":\"https:\/\/www.bktronic.fr\/de\/bktronic-3\/about-us-bktronic\/#primaryimage\",\"inLanguage\":\"de\",\"url\":\"https:\/\/www.bktronic.fr\/wp-content\/uploads\/qui-sommes-nous-3-scaled-e1635863411260.jpg\",\"contentUrl\":\"https:\/\/www.bktronic.fr\/wp-content\/uploads\/qui-sommes-nous-3-scaled-e1635863411260.jpg\",\"width\":1798,\"height\":966},{\"@type\":\"WebPage\",\"@id\":\"https:\/\/www.bktronic.fr\/de\/bktronic-3\/about-us-bktronic\/#webpage\",\"url\":\"https:\/\/www.bktronic.fr\/de\/bktronic-3\/about-us-bktronic\/\",\"name\":\"About us - Bktronic\",\"isPartOf\":{\"@id\":\"https:\/\/www.bktronic.fr\/de\/#website\"},\"primaryImageOfPage\":{\"@id\":\"https:\/\/www.bktronic.fr\/de\/bktronic-3\/about-us-bktronic\/#primaryimage\"},\"datePublished\":\"2018-01-05T15:52:58+00:00\",\"dateModified\":\"2021-11-02T14:37:41+00:00\",\"description\":\"Bktronic is a company specialized in ABB, KUKA and FANUC robotics with a core business of industrial electronic repair.\",\"breadcrumb\":{\"@id\":\"https:\/\/www.bktronic.fr\/de\/bktronic-3\/about-us-bktronic\/#breadcrumb\"},\"inLanguage\":\"de\",\"potentialAction\":[{\"@type\":\"ReadAction\",\"target\":[\"https:\/\/www.bktronic.fr\/de\/bktronic-3\/about-us-bktronic\/\"]}]},{\"@type\":\"BreadcrumbList\",\"@id\":\"https:\/\/www.bktronic.fr\/de\/bktronic-3\/about-us-bktronic\/#breadcrumb\",\"itemListElement\":[{\"@type\":\"ListItem\",\"position\":1,\"name\":\"Startseite\",\"item\":\"https:\/\/www.bktronic.fr\/de\/\"},{\"@type\":\"ListItem\",\"position\":2,\"name\":\"BKTRONIC\",\"item\":\"https:\/\/www.bktronic.fr\/de\/bktronic-3\/\"},{\"@type\":\"ListItem\",\"position\":3,\"name\":\"About us\"}]}]}<\/script>\n<!-- \/ Yoast SEO plugin. -->","yoast_head_json":{"title":"About us - Bktronic","description":"Bktronic is a company specialized in ABB, KUKA and FANUC robotics with a core business of industrial electronic repair.","robots":{"index":"index","follow":"follow","max-snippet":"max-snippet:-1","max-image-preview":"max-image-preview:large","max-video-preview":"max-video-preview:-1"},"canonical":"https:\/\/www.bktronic.fr\/de\/bktronic-3\/about-us-bktronic\/","og_locale":"de_DE","og_type":"article","og_title":"About us - Bktronic","og_description":"Bktronic is a company specialized in ABB, KUKA and FANUC robotics with a core business of industrial electronic repair.","og_url":"https:\/\/www.bktronic.fr\/de\/bktronic-3\/about-us-bktronic\/","og_site_name":"Bktronic","article_modified_time":"2021-11-02T14:37:41+00:00","og_image":[{"width":1798,"height":966,"url":"https:\/\/www.bktronic.fr\/wp-content\/uploads\/qui-sommes-nous-3-scaled-e1635863411260.jpg","type":"image\/jpeg"}],"twitter_card":"summary_large_image","twitter_misc":{"Gesch\u00e4tzte Lesezeit":"2\u00a0Minuten"},"schema":{"@context":"https:\/\/schema.org","@graph":[{"@type":"WebSite","@id":"https:\/\/www.bktronic.fr\/de\/#website","url":"https:\/\/www.bktronic.fr\/de\/","name":"Bktronic","description":"Sp\u00e9cialiste en robotique ABB, r\u00e9paration et maintenance \u00e9lectronique industrielle - robot abb","potentialAction":[{"@type":"SearchAction","target":{"@type":"EntryPoint","urlTemplate":"https:\/\/www.bktronic.fr\/de\/?s={search_term_string}"},"query-input":"required name=search_term_string"}],"inLanguage":"de"},{"@type":"ImageObject","@id":"https:\/\/www.bktronic.fr\/de\/bktronic-3\/about-us-bktronic\/#primaryimage","inLanguage":"de","url":"https:\/\/www.bktronic.fr\/wp-content\/uploads\/qui-sommes-nous-3-scaled-e1635863411260.jpg","contentUrl":"https:\/\/www.bktronic.fr\/wp-content\/uploads\/qui-sommes-nous-3-scaled-e1635863411260.jpg","width":1798,"height":966},{"@type":"WebPage","@id":"https:\/\/www.bktronic.fr\/de\/bktronic-3\/about-us-bktronic\/#webpage","url":"https:\/\/www.bktronic.fr\/de\/bktronic-3\/about-us-bktronic\/","name":"About us - Bktronic","isPartOf":{"@id":"https:\/\/www.bktronic.fr\/de\/#website"},"primaryImageOfPage":{"@id":"https:\/\/www.bktronic.fr\/de\/bktronic-3\/about-us-bktronic\/#primaryimage"},"datePublished":"2018-01-05T15:52:58+00:00","dateModified":"2021-11-02T14:37:41+00:00","description":"Bktronic is a company specialized in ABB, KUKA and FANUC robotics with a core business of industrial electronic repair.","breadcrumb":{"@id":"https:\/\/www.bktronic.fr\/de\/bktronic-3\/about-us-bktronic\/#breadcrumb"},"inLanguage":"de","potentialAction":[{"@type":"ReadAction","target":["https:\/\/www.bktronic.fr\/de\/bktronic-3\/about-us-bktronic\/"]}]},{"@type":"BreadcrumbList","@id":"https:\/\/www.bktronic.fr\/de\/bktronic-3\/about-us-bktronic\/#breadcrumb","itemListElement":[{"@type":"ListItem","position":1,"name":"Startseite","item":"https:\/\/www.bktronic.fr\/de\/"},{"@type":"ListItem","position":2,"name":"BKTRONIC","item":"https:\/\/www.bktronic.fr\/de\/bktronic-3\/"},{"@type":"ListItem","position":3,"name":"About us"}]}]}},"_links":{"self":[{"href":"https:\/\/www.bktronic.fr\/de\/wp-json\/wp\/v2\/pages\/350"}],"collection":[{"href":"https:\/\/www.bktronic.fr\/de\/wp-json\/wp\/v2\/pages"}],"about":[{"href":"https:\/\/www.bktronic.fr\/de\/wp-json\/wp\/v2\/types\/page"}],"author":[{"embeddable":true,"href":"https:\/\/www.bktronic.fr\/de\/wp-json\/wp\/v2\/users\/5"}],"replies":[{"embeddable":true,"href":"https:\/\/www.bktronic.fr\/de\/wp-json\/wp\/v2\/comments?post=350"}],"version-history":[{"count":0,"href":"https:\/\/www.bktronic.fr\/de\/wp-json\/wp\/v2\/pages\/350\/revisions"}],"up":[{"embeddable":true,"href":"https:\/\/www.bktronic.fr\/de\/wp-json\/wp\/v2\/pages\/145"}],"wp:featuredmedia":[{"embeddable":true,"href":"https:\/\/www.bktronic.fr\/de\/wp-json\/wp\/v2\/media\/12759"}],"wp:attachment":[{"href":"https:\/\/www.bktronic.fr\/de\/wp-json\/wp\/v2\/media?parent=350"}],"curies":[{"name":"wp","href":"https:\/\/api.w.org\/{rel}","templated":true}]}}