{"id":390,"date":"2018-01-05T17:06:30","date_gmt":"2018-01-05T16:06:30","guid":{"rendered":"https:\/\/www.bktronic.fr\/?page_id=390"},"modified":"2021-11-02T16:52:45","modified_gmt":"2021-11-02T15:52:45","slug":"quienes-somos","status":"publish","type":"page","link":"https:\/\/www.bktronic.fr\/de\/bktronic-4\/quienes-somos\/","title":{"rendered":"Nuestra historia"},"content":{"rendered":"<p>&nbsp;<\/p>\n<p><img src=\"https:\/\/www.bktronic.fr\/wp-content\/uploads\/diagnostic-6-e1635252495124.png\" alt=\"ligne page maintenance robotique\" class=\"aligncenter\" \/><img src=\"https:\/\/www.bktronic.fr\/wp-content\/uploads\/\/qui-sommes-nous-4-scaled-e1635864871653-1024x547.jpg\" alt=\"bktronic historia\" class=\"size-large aligncenter\" \/><\/p>\n<p>&nbsp;<\/p>\n<p><strong>BKTRONIC, nacida en 2009, <\/strong>especializada en rob\u00f3tica <strong>ABB<\/strong>, <strong>KUKA y FANUC<\/strong>\u00a0tiene como origen la reparaci\u00f3n y el mantenimiento de elementos electr\u00f3nicos industriales.<\/p>\n<p>A lo largo de los a\u00f1os, se <strong>diversificaron los servicios internos<\/strong>, cuales ahora cubren la mayor parte de las necesidades que un usar\u00edo de robot ABB o KUKA puede encontrar:<\/p>\n<ul>\n<li>Soluciones variadas sobre todo tipo de piezas, electr\u00f3nicas como mec\u00e1nicas<\/li>\n<li>Intervenci\u00f3n in-situ (preventivos o curativos)<\/li>\n<li>Compra \/ Venta de robots renovados<\/li>\n<\/ul>\n<p><span style=\"color: #f2cb5d;\"><strong>roBotKable<\/strong><\/span>, <strong>filial de BKTRONIC<\/strong>, situada en las mismas instalaciones, est\u00e1 especializada en la renovaci\u00f3n, el suministro y el dise\u00f1o de cables y mazos (internos o de proceso) para <strong>robots industriales<\/strong>.<\/p>\n<p>Con una <strong>fuerte competencia<\/strong> en la marca de robots ABB, disponemos de los recursos t\u00e9cnicos y humanos para responder a todo tipo de solicitudes relativas a los cables de conexi\u00f3n perif\u00e9ricos para robots industriales.<\/p>\n<p>Para poder presentar un trabajo de la<strong> m\u00e1s alta calidad<\/strong>, se inverti\u00f3 en robots dedicados a pruebas (m\u00e1s de 20 actualmente) y se crearon banco de pruebas especiales para material especifico de robots (S\u00e9timos ejes, tarjetas E\/S, etc&#8230;).<\/p>\n<p>Todo lo que propone BKTRONIC est\u00e1 cubierto por una <strong>garant\u00eda de 1 a\u00f1o<\/strong>.\u00a0 Ofrecemos <strong>presupuestos de reparaci\u00f3n gratuitos<\/strong> y, en caso de solicitar un precio, garantizamos una respuesta r\u00e1pida.<\/p>\n<p>El tratamiento de las urgencias es nuestra prioridad: en caso de producci\u00f3n parada, haremos todo nuestro posible para solucionar su aver\u00eda y hacer que su producci\u00f3n pueda continuar.<\/p>\n<p>Podemos ofrecer soluciones de intercambio y renovaci\u00f3n est\u00e1ndar para la mayor\u00eda de las referencias instaladas en los robots de ABB.<\/p>\n<p>&nbsp;<\/p>\n<h4 style=\"text-align: center;\"><strong>Nuestros conocimientos t\u00e9cnicos tambi\u00e9n nos permiten responder a m\u00faltiples solicitudes de otras marcas de robots.<\/strong><\/h4>\n<p>&nbsp;<\/p>\n<p><img src=\"https:\/\/www.bktronic.fr\/wp-content\/uploads\/diagnostic-6-e1635252495124.png\" alt=\"ligne page maintenance robotique bktronic\" class=\"aligncenter\" \/><\/p>\n<p>&nbsp;<\/p>\n<p>&nbsp;<\/p>\n","protected":false},"excerpt":{"rendered":"<p>&nbsp; &nbsp; BKTRONIC, nacida en 2009, especializada en rob\u00f3tica ABB, KUKA y FANUC\u00a0tiene como origen la reparaci\u00f3n y el mantenimiento de elementos electr\u00f3nicos industriales. A lo largo de los a\u00f1os, [&hellip;]<\/p>\n","protected":false},"author":5,"featured_media":12769,"parent":151,"menu_order":35,"comment_status":"closed","ping_status":"closed","template":"","meta":[],"acf":[],"yoast_head":"<!-- This site is optimized with the Yoast SEO plugin v18.3 - https:\/\/yoast.com\/wordpress\/plugins\/seo\/ -->\n<title>Nuestra historia - Bktronic<\/title>\n<meta name=\"description\" content=\"Bktronic es una empresa especializada en rob\u00f3tica ABB, KUKA y FANUC con una actividad principal de reparaci\u00f3n de electr\u00f3nica industrial.\" \/>\n<meta name=\"robots\" content=\"index, follow, max-snippet:-1, max-image-preview:large, max-video-preview:-1\" \/>\n<link rel=\"canonical\" href=\"https:\/\/www.bktronic.fr\/de\/bktronic-4\/quienes-somos\/\" \/>\n<meta property=\"og:locale\" content=\"de_DE\" \/>\n<meta property=\"og:type\" content=\"article\" \/>\n<meta property=\"og:title\" content=\"Nuestra historia - Bktronic\" \/>\n<meta property=\"og:description\" content=\"Bktronic es una empresa especializada en rob\u00f3tica ABB, KUKA y FANUC con una actividad principal de reparaci\u00f3n de electr\u00f3nica industrial.\" \/>\n<meta property=\"og:url\" content=\"https:\/\/www.bktronic.fr\/de\/bktronic-4\/quienes-somos\/\" \/>\n<meta property=\"og:site_name\" content=\"Bktronic\" \/>\n<meta property=\"article:modified_time\" content=\"2021-11-02T15:52:45+00:00\" \/>\n<meta property=\"og:image\" content=\"https:\/\/www.bktronic.fr\/wp-content\/uploads\/qui-sommes-nous-4-scaled-e1635864871653.jpg\" \/>\n\t<meta property=\"og:image:width\" content=\"1798\" \/>\n\t<meta property=\"og:image:height\" content=\"960\" \/>\n\t<meta property=\"og:image:type\" content=\"image\/jpeg\" \/>\n<meta name=\"twitter:card\" content=\"summary_large_image\" \/>\n<meta name=\"twitter:label1\" content=\"Gesch\u00e4tzte Lesezeit\" \/>\n\t<meta name=\"twitter:data1\" content=\"2\u00a0Minuten\" \/>\n<script type=\"application\/ld+json\" class=\"yoast-schema-graph\">{\"@context\":\"https:\/\/schema.org\",\"@graph\":[{\"@type\":\"WebSite\",\"@id\":\"https:\/\/www.bktronic.fr\/de\/#website\",\"url\":\"https:\/\/www.bktronic.fr\/de\/\",\"name\":\"Bktronic\",\"description\":\"Sp\u00e9cialiste en robotique ABB, r\u00e9paration et maintenance \u00e9lectronique industrielle - robot abb\",\"potentialAction\":[{\"@type\":\"SearchAction\",\"target\":{\"@type\":\"EntryPoint\",\"urlTemplate\":\"https:\/\/www.bktronic.fr\/de\/?s={search_term_string}\"},\"query-input\":\"required name=search_term_string\"}],\"inLanguage\":\"de\"},{\"@type\":\"ImageObject\",\"@id\":\"https:\/\/www.bktronic.fr\/de\/bktronic-4\/quienes-somos\/#primaryimage\",\"inLanguage\":\"de\",\"url\":\"https:\/\/www.bktronic.fr\/wp-content\/uploads\/qui-sommes-nous-4-scaled-e1635864871653.jpg\",\"contentUrl\":\"https:\/\/www.bktronic.fr\/wp-content\/uploads\/qui-sommes-nous-4-scaled-e1635864871653.jpg\",\"width\":1798,\"height\":960},{\"@type\":\"WebPage\",\"@id\":\"https:\/\/www.bktronic.fr\/de\/bktronic-4\/quienes-somos\/#webpage\",\"url\":\"https:\/\/www.bktronic.fr\/de\/bktronic-4\/quienes-somos\/\",\"name\":\"Nuestra historia - Bktronic\",\"isPartOf\":{\"@id\":\"https:\/\/www.bktronic.fr\/de\/#website\"},\"primaryImageOfPage\":{\"@id\":\"https:\/\/www.bktronic.fr\/de\/bktronic-4\/quienes-somos\/#primaryimage\"},\"datePublished\":\"2018-01-05T16:06:30+00:00\",\"dateModified\":\"2021-11-02T15:52:45+00:00\",\"description\":\"Bktronic es una empresa especializada en rob\u00f3tica ABB, KUKA y FANUC con una actividad principal de reparaci\u00f3n de electr\u00f3nica industrial.\",\"breadcrumb\":{\"@id\":\"https:\/\/www.bktronic.fr\/de\/bktronic-4\/quienes-somos\/#breadcrumb\"},\"inLanguage\":\"de\",\"potentialAction\":[{\"@type\":\"ReadAction\",\"target\":[\"https:\/\/www.bktronic.fr\/de\/bktronic-4\/quienes-somos\/\"]}]},{\"@type\":\"BreadcrumbList\",\"@id\":\"https:\/\/www.bktronic.fr\/de\/bktronic-4\/quienes-somos\/#breadcrumb\",\"itemListElement\":[{\"@type\":\"ListItem\",\"position\":1,\"name\":\"Startseite\",\"item\":\"https:\/\/www.bktronic.fr\/de\/\"},{\"@type\":\"ListItem\",\"position\":2,\"name\":\"BKTRONIC\",\"item\":\"https:\/\/www.bktronic.fr\/de\/\"},{\"@type\":\"ListItem\",\"position\":3,\"name\":\"Nuestra historia\"}]}]}<\/script>\n<!-- \/ Yoast SEO plugin. -->","yoast_head_json":{"title":"Nuestra historia - Bktronic","description":"Bktronic es una empresa especializada en rob\u00f3tica ABB, KUKA y FANUC con una actividad principal de reparaci\u00f3n de electr\u00f3nica industrial.","robots":{"index":"index","follow":"follow","max-snippet":"max-snippet:-1","max-image-preview":"max-image-preview:large","max-video-preview":"max-video-preview:-1"},"canonical":"https:\/\/www.bktronic.fr\/de\/bktronic-4\/quienes-somos\/","og_locale":"de_DE","og_type":"article","og_title":"Nuestra historia - Bktronic","og_description":"Bktronic es una empresa especializada en rob\u00f3tica ABB, KUKA y FANUC con una actividad principal de reparaci\u00f3n de electr\u00f3nica industrial.","og_url":"https:\/\/www.bktronic.fr\/de\/bktronic-4\/quienes-somos\/","og_site_name":"Bktronic","article_modified_time":"2021-11-02T15:52:45+00:00","og_image":[{"width":1798,"height":960,"url":"https:\/\/www.bktronic.fr\/wp-content\/uploads\/qui-sommes-nous-4-scaled-e1635864871653.jpg","type":"image\/jpeg"}],"twitter_card":"summary_large_image","twitter_misc":{"Gesch\u00e4tzte Lesezeit":"2\u00a0Minuten"},"schema":{"@context":"https:\/\/schema.org","@graph":[{"@type":"WebSite","@id":"https:\/\/www.bktronic.fr\/de\/#website","url":"https:\/\/www.bktronic.fr\/de\/","name":"Bktronic","description":"Sp\u00e9cialiste en robotique ABB, r\u00e9paration et maintenance \u00e9lectronique industrielle - robot abb","potentialAction":[{"@type":"SearchAction","target":{"@type":"EntryPoint","urlTemplate":"https:\/\/www.bktronic.fr\/de\/?s={search_term_string}"},"query-input":"required name=search_term_string"}],"inLanguage":"de"},{"@type":"ImageObject","@id":"https:\/\/www.bktronic.fr\/de\/bktronic-4\/quienes-somos\/#primaryimage","inLanguage":"de","url":"https:\/\/www.bktronic.fr\/wp-content\/uploads\/qui-sommes-nous-4-scaled-e1635864871653.jpg","contentUrl":"https:\/\/www.bktronic.fr\/wp-content\/uploads\/qui-sommes-nous-4-scaled-e1635864871653.jpg","width":1798,"height":960},{"@type":"WebPage","@id":"https:\/\/www.bktronic.fr\/de\/bktronic-4\/quienes-somos\/#webpage","url":"https:\/\/www.bktronic.fr\/de\/bktronic-4\/quienes-somos\/","name":"Nuestra historia - Bktronic","isPartOf":{"@id":"https:\/\/www.bktronic.fr\/de\/#website"},"primaryImageOfPage":{"@id":"https:\/\/www.bktronic.fr\/de\/bktronic-4\/quienes-somos\/#primaryimage"},"datePublished":"2018-01-05T16:06:30+00:00","dateModified":"2021-11-02T15:52:45+00:00","description":"Bktronic es una empresa especializada en rob\u00f3tica ABB, KUKA y FANUC con una actividad principal de reparaci\u00f3n de electr\u00f3nica industrial.","breadcrumb":{"@id":"https:\/\/www.bktronic.fr\/de\/bktronic-4\/quienes-somos\/#breadcrumb"},"inLanguage":"de","potentialAction":[{"@type":"ReadAction","target":["https:\/\/www.bktronic.fr\/de\/bktronic-4\/quienes-somos\/"]}]},{"@type":"BreadcrumbList","@id":"https:\/\/www.bktronic.fr\/de\/bktronic-4\/quienes-somos\/#breadcrumb","itemListElement":[{"@type":"ListItem","position":1,"name":"Startseite","item":"https:\/\/www.bktronic.fr\/de\/"},{"@type":"ListItem","position":2,"name":"BKTRONIC","item":"https:\/\/www.bktronic.fr\/de\/"},{"@type":"ListItem","position":3,"name":"Nuestra historia"}]}]}},"_links":{"self":[{"href":"https:\/\/www.bktronic.fr\/de\/wp-json\/wp\/v2\/pages\/390"}],"collection":[{"href":"https:\/\/www.bktronic.fr\/de\/wp-json\/wp\/v2\/pages"}],"about":[{"href":"https:\/\/www.bktronic.fr\/de\/wp-json\/wp\/v2\/types\/page"}],"author":[{"embeddable":true,"href":"https:\/\/www.bktronic.fr\/de\/wp-json\/wp\/v2\/users\/5"}],"replies":[{"embeddable":true,"href":"https:\/\/www.bktronic.fr\/de\/wp-json\/wp\/v2\/comments?post=390"}],"version-history":[{"count":0,"href":"https:\/\/www.bktronic.fr\/de\/wp-json\/wp\/v2\/pages\/390\/revisions"}],"up":[{"embeddable":true,"href":"https:\/\/www.bktronic.fr\/de\/wp-json\/wp\/v2\/pages\/151"}],"wp:featuredmedia":[{"embeddable":true,"href":"https:\/\/www.bktronic.fr\/de\/wp-json\/wp\/v2\/media\/12769"}],"wp:attachment":[{"href":"https:\/\/www.bktronic.fr\/de\/wp-json\/wp\/v2\/media?parent=390"}],"curies":[{"name":"wp","href":"https:\/\/api.w.org\/{rel}","templated":true}]}}