{"id":84,"date":"2017-11-29T17:17:56","date_gmt":"2017-11-29T16:17:56","guid":{"rendered":"https:\/\/www.bktronic.fr\/?page_id=84"},"modified":"2019-03-11T11:56:03","modified_gmt":"2019-03-11T10:56:03","slug":"mentions-legales","status":"publish","type":"page","link":"https:\/\/www.bktronic.fr\/de\/mentions-legales\/","title":{"rendered":"Mentions l\u00e9gales"},"content":{"rendered":"<h2>A propos du site<\/h2>\n<p>Vous \u00eates actuellement connect\u00e9 au site de BKTRONIC.<br \/>\nL\u2019ensemble des donn\u00e9es et les informations pr\u00e9sentes sur le site Internet <strong>www.bktronic.fr<\/strong> sont mises \u00e0 disposition du public par BKTRONIC.<br \/>\nEn consultant notre site internet <strong>www.bktronic.fr<\/strong>, vous vous engagez \u00e0 accepter les termes et les conditions contenus dans cette notice.<\/p>\n<h2>\u00c9diteur<\/h2>\n<p><strong>BKTRONIC SAS<\/strong><br \/>\nSi\u00e8ge social\u00a0: ZAI Les Pins &#8211; 6 Rue de la Sauge &#8211; 68700 Cernay (France)<br \/>\nSiret : 752 851 261 00020<br \/>\nNum\u00e9ro TVA Intracom. : FR72 752 851 261<br \/>\nCode APE : 3313Z<\/p>\n<p>T\u00e9l\u00a0: +33 (0)3 89 82 28 64<\/p>\n<p><strong>Directeur de la publication\u00a0:<\/strong> Kamel Bounoua<\/p>\n<h2>H\u00e9bergement<\/h2>\n<p><strong>1&amp;1 Internet SARL<\/strong><br \/>\nSi\u00e8ge social\u00a0: 7 place de la Gare &#8211; BP 70109 57201 Sarreguemines (France)<br \/>\nT\u00e9l: +33 9 70 80 89 11<br \/>\nSiret 43130377500016<\/p>\n<h2>Conception et r\u00e9f\u00e9rencement du site<\/h2>\n<p><strong>Premi\u00e8re Place<br \/>\n<\/strong>Si\u00e8ge social : KM\u00d8 \u2013 30 rue Fran\u00e7ois Spoerry \u2013 68100 Mulhouse (France)<br \/>\nSARL au capital de 8 000 euros<br \/>\nRCS Mulhouse 489 995 985<br \/>\nN\u00b0 TVA FR12 489995985<br \/>\nT\u00e9l : +33 (0)3 89 60 71 61<br \/>\n<strong><a href=\"https:\/\/www.premiere.place\/\" target=\"_blank\" rel=\"noopener noreferrer\">www.premiere.place<\/a><\/strong><\/p>\n<h2>Protection des donn\u00e9es personnelles<\/h2>\n<p>BKTRONIC accorde une importance toute particuli\u00e8re au droit \u00e0 la vie priv\u00e9e des internautes et s&#8217;engage \u00e0 prot\u00e9ger leurs donn\u00e9es personnelles selon la l\u00e9gislation fran\u00e7aise et europ\u00e9enne en vigueur. Aucune donn\u00e9e personnelle n&#8217;est demand\u00e9e aux visiteurs pour leur permettre de consulter le site Internet <strong>www.bktronic.fr<\/strong>.<\/p>\n<p>Chaque formulaire pr\u00e9sent sur le site restreint au strict n\u00e9cessaire la collecte des donn\u00e9es personnelles et indique syst\u00e9matiquement\u00a0:<\/p>\n<ul>\n<li>les finalit\u00e9s de la collecte des donn\u00e9es personnelles<\/li>\n<li>le caract\u00e8re obligatoire ou facultatif des donn\u00e9es<\/li>\n<li>le ou les destinataire(s) des donn\u00e9es collect\u00e9es<\/li>\n<li>la dur\u00e9e de conservation des donn\u00e9es collect\u00e9es<\/li>\n<li>vos droits Informatique et Libert\u00e9s et la mani\u00e8re de les exercer<\/li>\n<\/ul>\n<p>Sur chaque formulaire pr\u00e9sent sur le site <strong>www.bktronic.fr<\/strong>, une ou plusieurs case(s) \u00e0 cocher vous permet(tent) de donner explicitement votre accord pour la collecte et le traitement des donn\u00e9es personnelles demand\u00e9es. Cela permet \u00e0 BKTRONIC de s&#8217;assurer que les donn\u00e9es personnelles qui lui sont transmises peuvent effectivement \u00eatre utilis\u00e9es pour la ou les finalit\u00e9(s) explicitement annonc\u00e9e(s) sur le formulaire et accept\u00e9e(s) par l&#8217;internaute. Chaque case coch\u00e9e correspond \u00e0 une finalit\u00e9 particuli\u00e8re de traitement des donn\u00e9es personnelles et fera office de preuve l\u00e9gale du consentement de l&#8217;internaute.<\/p>\n<p>En aucun cas BKTRONIC ne pourra utiliser ces donn\u00e9es personnelles pour une finalit\u00e9 autre que celle(s) explicitement annonc\u00e9e(s) sur le formulaire et accept\u00e9e(s) par l&#8217;internaute. De m\u00eame, ces donn\u00e9es personnelles ne pourront \u00eatre transmises ou c\u00e9d\u00e9es \u00e0 des tiers sans une mention explicite de cette possibilit\u00e9 sur le formulaire.<\/p>\n<p>Conform\u00e9ment au r\u00e8glement g\u00e9n\u00e9ral sur la protection des donn\u00e9es du 27 avril 2016 et \u00e0 la loi \u00ab\u00a0Informatique et Libert\u00e9s\u00a0\u00bb du 6 janvier 1978 modifi\u00e9e, vous disposez d\u2019un droit d\u2019acc\u00e8s, de rectification et d&#8217;opposition pour justes motifs par rapport aux donn\u00e9es qui vous concernent. Pour exercer ce droit, vous pouvez contacter BKTRONIC via le <strong><a href=\"www.bktronic.fr\/contact\/\">formulaire de contact<\/a><\/strong> du site, ou par courrier postal \u00e0 l&#8217;adresse suivante\u00a0:<\/p>\n<p>BKTRONIC<br \/>\nZAI Les Pins &#8211; 6 Rue de la Sauge<br \/>\n68700 Cernay (France)<\/p>\n<p>Les donn\u00e9es personnelles recueillies sur le site <strong>www.bktronic.fr<\/strong> sont trait\u00e9es selon des protocoles s\u00e9curis\u00e9s qui limitent consid\u00e9rablement les risques d&#8217;interception ou de r\u00e9cup\u00e9ration par des tiers. Soyez cependant vigilant, ne divulguez pas d\u2019informations personnelles inutiles ou sensibles lorsque vous utilisez nos formulaires. Si vous souhaitez nous communiquer de telles informations, veuillez privil\u00e9gier la voie postale.<\/p>\n<p>Toute r\u00e9clamation li\u00e9e \u00e0 l\u2019utilisation de vos donn\u00e9es personnelles doit \u00eatre introduite aupr\u00e8s de la CNIL, <a href=\"https:\/\/www.cnil.fr\" target=\"_blank\" rel=\"noopener noreferrer\"><strong>www.cnil.fr<\/strong><\/a> ou 3 place de Fontenoy TSA 80715 75334 Paris cedex 07.<\/p>\n<h2>Cookies<\/h2>\n<p>Le site <strong>www.bktronic.fr<\/strong> utilise des cookies. Il s&#8217;agit de petits fichiers t\u00e9l\u00e9charg\u00e9s sur votre ordinateur qui permettent au site de fonctionner de mani\u00e8re fluide et s\u00e9curis\u00e9e (cookies de session et de s\u00e9curit\u00e9) et qui enregistrent des informations sur la fa\u00e7on dont nos visiteurs consultent notre site (cookies de pistage). Cela nous permet par exemple de savoir quelles sont les pages les plus consult\u00e9es par nos visiteurs et combien de temps ces derniers passent sur notre site.<\/p>\n<p>En param\u00e9trant votre navigateur, vous avez la possibilit\u00e9 de d\u00e9sactiver les cookies ou d&#8217;\u00eatre alert\u00e9 lorsque des cookies sont sur le point d&#8217;\u00eatre t\u00e9l\u00e9charg\u00e9s sur votre ordinateur. Cependant, la d\u00e9sactivation de tous les cookies pourrait vous emp\u00eacher d&#8217;utiliser correctement toutes les fonctionnalit\u00e9s de ce site. Nous vous laissons donc la possibilit\u00e9 de d\u00e9sactiver uniquement les cookies de pistage, ce qui ne g\u00eanera pas votre navigation (voir &#8222;Param\u00e9trage des cookies&#8220; ci-dessous).<\/p>\n<h3>Google Analytics<\/h3>\n<p>Ce site utilise le service d&#8217;analyse web Google Analytics. Cela nous permet d&#8217;analyser la fa\u00e7on dont les internautes utilisent notre site afin de leur proposer une meilleure exp\u00e9rience de navigation. Pour ce faire, Google Analytics utilise des cookies de pistage permettant de suivre le parcours d&#8217;un internaute sur le site. Ces cookies sont conserv\u00e9s pour une dur\u00e9e de 13 mois.<\/p>\n<p>Nous avons activ\u00e9 l&#8217;anonymisation des adresses IP pour ce site. Cela signifie que les adresses IP collect\u00e9es par Google Analytics sont syst\u00e9matiquement raccourcies pour rendre impossible l&#8217;identification des internautes. Dans certains cas exceptionnels, l&#8217;adresse IP compl\u00e8te peut \u00eatre transf\u00e9r\u00e9e sur un serveur de Google localis\u00e9 aux Etats-Unis, et est ensuite raccourcie imm\u00e9diatement sur celui-ci. Google utilise les informations r\u00e9colt\u00e9es via les cookies pour le compte de BKTRONIC, dans le but d&#8217;analyser les habitudes de navigation des internautes et de fournir des rapports sur l&#8217;activit\u00e9 du site.<\/p>\n<p>Google met \u00e0 disposition des utilisateurs un plug-in pour leur navigateur leur permettant d&#8217;emp\u00eacher la r\u00e9colte de donn\u00e9es relatives \u00e0 leur navigation sur les sites web utilisant Google Analytics.<br \/>\nCe plug-in est disponible \u00e0 cette adresse\u00a0: <a href=\"https:\/\/tools.google.com\/dlpage\/gaoptout?hl=fr\" target=\"_blank\" rel=\"noopener noreferrer\"><strong>tools.google.com\/dlpage\/gaoptout<\/strong><\/a><\/p>\n<h3>Google Remarketing<\/h3>\n<p>Ce site peut \u00eatre amen\u00e9 \u00e0 utiliser le service Google Remarketing, qui permet de proposer aux internautes des annonces publicitaires cibl\u00e9es en fonction des sites consult\u00e9s dans le r\u00e9seau d&#8217;annonces de Google. Cela nous permet notamment d&#8217;utiliser vos donn\u00e9es de navigation sur ce site afin de vous proposer des annonces cibl\u00e9es lors que vous visitez d&#8217;autres sites du r\u00e9seau Google. Vous avez la possibilit\u00e9 de d\u00e9sactiver cette fonctionnalit\u00e9 via le lien suivant\u00a0: <strong><a href=\"http:\/\/www.google.com\/settings\/ads\" target=\"_blank\" rel=\"noopener noreferrer\">www.google.com\/settings\/ads<\/a><\/strong><\/p>\n<p>Si vous poss\u00e9dez un compte Google et que vous \u00eates connect\u00e9 \u00e0 celui-ci en visitant notre site, et si vous avez autoris\u00e9 Google \u00e0 lier votre historique de navigation \u00e0 votre compte Google et d&#8217;utiliser cet historique pour personnaliser les annonces, Google liera les donn\u00e9es de navigation recueillies gr\u00e2ce \u00e0 Google Analytics \u00e0 votre compte Google. Si vous utilisez votre compte Google sur plusieurs appareils, nos annonces pourront s&#8217;afficher sur ces autres appareils. Bien que Google collecte sur ce site des donn\u00e9es li\u00e9es \u00e0 l&#8217;utilisation de comptes Google, BKTRONIC ne peut en aucun cas en d\u00e9duire l&#8217;identit\u00e9 des utilisateurs de comptes Google consultant le site.<\/p>\n<p>Pour plus d&#8217;informations concernant la fa\u00e7on dont Google collecte et utilise ces donn\u00e9es, nous vous invitons \u00e0 consulter les r\u00e8gles de confidentialit\u00e9 de Google\u00a0: <strong><a href=\"http:\/\/www.google.com\/policies\/privacy\/\" target=\"_blank\" rel=\"noopener noreferrer\">www.google.com\/policies\/privacy<\/a><\/strong><\/p>\n<h3>Param\u00e9trage des cookies<\/h3>\n<p>Vous pouvez modifier ici vos param\u00e8tres de cookies pour ce site\u00a0:<\/p>\n<p>[skp-rgpd-cookie]<\/p>\n<p>Pour plus d&#8217;informations sur les cookies et la fa\u00e7on de les g\u00e9rer, nous vous recommandons de consulter le site <strong><a href=\"http:\/\/www.youronlinechoices.com\/fr\/\" target=\"_blank\" rel=\"noopener noreferrer\">www.youronlinechoices.com<\/a><\/strong>, d\u00e9velopp\u00e9 par l&#8217;organisme EDAA (European Interactive Digital Advertising Alliance).<\/p>\n<h2>Propri\u00e9t\u00e9 intellectuelle<\/h2>\n<p>L\u2019ensemble de ce site rel\u00e8ve de la l\u00e9gislation fran\u00e7aise et internationale sur le droit d\u2019auteur et la propri\u00e9t\u00e9 intellectuelle. Tous les droits de reproduction sont r\u00e9serv\u00e9s, y compris pour les documents t\u00e9l\u00e9chargeables et les repr\u00e9sentations iconographiques et photographiques ainsi que les s\u00e9quences anim\u00e9es.<\/p>\n<p>Toute reproduction ou repr\u00e9sentation int\u00e9grale ou partielle, par quelque proc\u00e9d\u00e9 que ce soit du contenu du site <strong>www.bktronic.fr<\/strong>, faite sans l\u2019autorisation expresse de BKTRONIC est illicite et constitue une contrefa\u00e7on.<\/p>\n<p>Toute utilisation d\u2019informations provenant du site <strong>www.bktronic.fr<\/strong> doit obligatoirement mentionner la source de l\u2019information. L\u2019adresse Internet du site de BKTRONIC doit imp\u00e9rativement figurer dans la r\u00e9f\u00e9rence.<\/p>\n<p>Les marques cit\u00e9es sur ce site sont d\u00e9pos\u00e9es par les soci\u00e9t\u00e9s qui en sont propri\u00e9taires.<\/p>\n<h2>Responsabilit\u00e9<\/h2>\n<p>Le contenu et l\u2019environnement des sites ext\u00e9rieurs auxquels le site <strong>www.bktronic.fr<\/strong> peut renvoyer (notamment par l\u2019interm\u00e9diaire de liens hypertextes) n\u2019engagent pas la responsabilit\u00e9 de BKTRONIC.<\/p>\n<p>La mise en place de liens hypertextes par des tiers vers des pages ou des documents du site de BKTRONIC est autoris\u00e9e sous r\u00e9serve que les liens ne contreviennent pas aux int\u00e9r\u00eats de BKTRONIC et qu\u2019ils garantissent la possibilit\u00e9 pour l\u2019utilisateur d\u2019identifier l\u2019origine et l\u2019auteur du document.<\/p>\n<p>La responsabilit\u00e9 de BKTRONIC ne peut, en aucune mani\u00e8re, \u00eatre engag\u00e9e quant au contenu des informations figurant sur ce site ou aux cons\u00e9quences pouvant r\u00e9sulter de leur utilisation ou interpr\u00e9tation.<\/p>\n<p>La consultation du site <strong>www.bktronic.fr<\/strong> pr\u00e9suppose que l\u2019internaute en accepte les termes et conditions pr\u00e9cis\u00e9s ci-dessus.<\/p>\n","protected":false},"excerpt":{"rendered":"<p>A propos du site Vous \u00eates actuellement connect\u00e9 au site de BKTRONIC. L\u2019ensemble des donn\u00e9es et les informations pr\u00e9sentes sur le site Internet www.bktronic.fr sont mises \u00e0 disposition du public [&hellip;]<\/p>\n","protected":false},"author":5,"featured_media":0,"parent":0,"menu_order":55,"comment_status":"closed","ping_status":"closed","template":"","meta":[],"acf":[],"yoast_head":"<!-- This site is optimized with the Yoast SEO plugin v18.3 - https:\/\/yoast.com\/wordpress\/plugins\/seo\/ -->\n<title>Mentions l\u00e9gales - Bktronic<\/title>\n<meta name=\"robots\" content=\"index, follow, max-snippet:-1, max-image-preview:large, max-video-preview:-1\" \/>\n<link rel=\"canonical\" href=\"https:\/\/www.bktronic.fr\/de\/mentions-legales\/\" \/>\n<meta property=\"og:locale\" content=\"de_DE\" \/>\n<meta property=\"og:type\" content=\"article\" \/>\n<meta property=\"og:title\" content=\"Mentions l\u00e9gales - Bktronic\" \/>\n<meta property=\"og:description\" content=\"A propos du site Vous \u00eates actuellement connect\u00e9 au site de BKTRONIC. L\u2019ensemble des donn\u00e9es et les informations pr\u00e9sentes sur le site Internet www.bktronic.fr sont mises \u00e0 disposition du public [&hellip;]\" \/>\n<meta property=\"og:url\" content=\"https:\/\/www.bktronic.fr\/de\/mentions-legales\/\" \/>\n<meta property=\"og:site_name\" content=\"Bktronic\" \/>\n<meta property=\"article:modified_time\" content=\"2019-03-11T10:56:03+00:00\" \/>\n<meta name=\"twitter:card\" content=\"summary_large_image\" \/>\n<meta name=\"twitter:label1\" content=\"Gesch\u00e4tzte Lesezeit\" \/>\n\t<meta name=\"twitter:data1\" content=\"8\u00a0Minuten\" \/>\n<script type=\"application\/ld+json\" class=\"yoast-schema-graph\">{\"@context\":\"https:\/\/schema.org\",\"@graph\":[{\"@type\":\"WebSite\",\"@id\":\"https:\/\/www.bktronic.fr\/de\/#website\",\"url\":\"https:\/\/www.bktronic.fr\/de\/\",\"name\":\"Bktronic\",\"description\":\"Sp\u00e9cialiste en robotique ABB, r\u00e9paration et maintenance \u00e9lectronique industrielle - robot abb\",\"potentialAction\":[{\"@type\":\"SearchAction\",\"target\":{\"@type\":\"EntryPoint\",\"urlTemplate\":\"https:\/\/www.bktronic.fr\/de\/?s={search_term_string}\"},\"query-input\":\"required name=search_term_string\"}],\"inLanguage\":\"de\"},{\"@type\":\"WebPage\",\"@id\":\"https:\/\/www.bktronic.fr\/de\/mentions-legales\/#webpage\",\"url\":\"https:\/\/www.bktronic.fr\/de\/mentions-legales\/\",\"name\":\"Mentions l\u00e9gales - Bktronic\",\"isPartOf\":{\"@id\":\"https:\/\/www.bktronic.fr\/de\/#website\"},\"datePublished\":\"2017-11-29T16:17:56+00:00\",\"dateModified\":\"2019-03-11T10:56:03+00:00\",\"breadcrumb\":{\"@id\":\"https:\/\/www.bktronic.fr\/de\/mentions-legales\/#breadcrumb\"},\"inLanguage\":\"de\",\"potentialAction\":[{\"@type\":\"ReadAction\",\"target\":[\"https:\/\/www.bktronic.fr\/de\/mentions-legales\/\"]}]},{\"@type\":\"BreadcrumbList\",\"@id\":\"https:\/\/www.bktronic.fr\/de\/mentions-legales\/#breadcrumb\",\"itemListElement\":[{\"@type\":\"ListItem\",\"position\":1,\"name\":\"Startseite\",\"item\":\"https:\/\/www.bktronic.fr\/de\/\"},{\"@type\":\"ListItem\",\"position\":2,\"name\":\"Mentions l\u00e9gales\"}]}]}<\/script>\n<!-- \/ Yoast SEO plugin. -->","yoast_head_json":{"title":"Mentions l\u00e9gales - Bktronic","robots":{"index":"index","follow":"follow","max-snippet":"max-snippet:-1","max-image-preview":"max-image-preview:large","max-video-preview":"max-video-preview:-1"},"canonical":"https:\/\/www.bktronic.fr\/de\/mentions-legales\/","og_locale":"de_DE","og_type":"article","og_title":"Mentions l\u00e9gales - Bktronic","og_description":"A propos du site Vous \u00eates actuellement connect\u00e9 au site de BKTRONIC. L\u2019ensemble des donn\u00e9es et les informations pr\u00e9sentes sur le site Internet www.bktronic.fr sont mises \u00e0 disposition du public [&hellip;]","og_url":"https:\/\/www.bktronic.fr\/de\/mentions-legales\/","og_site_name":"Bktronic","article_modified_time":"2019-03-11T10:56:03+00:00","twitter_card":"summary_large_image","twitter_misc":{"Gesch\u00e4tzte Lesezeit":"8\u00a0Minuten"},"schema":{"@context":"https:\/\/schema.org","@graph":[{"@type":"WebSite","@id":"https:\/\/www.bktronic.fr\/de\/#website","url":"https:\/\/www.bktronic.fr\/de\/","name":"Bktronic","description":"Sp\u00e9cialiste en robotique ABB, r\u00e9paration et maintenance \u00e9lectronique industrielle - robot abb","potentialAction":[{"@type":"SearchAction","target":{"@type":"EntryPoint","urlTemplate":"https:\/\/www.bktronic.fr\/de\/?s={search_term_string}"},"query-input":"required name=search_term_string"}],"inLanguage":"de"},{"@type":"WebPage","@id":"https:\/\/www.bktronic.fr\/de\/mentions-legales\/#webpage","url":"https:\/\/www.bktronic.fr\/de\/mentions-legales\/","name":"Mentions l\u00e9gales - Bktronic","isPartOf":{"@id":"https:\/\/www.bktronic.fr\/de\/#website"},"datePublished":"2017-11-29T16:17:56+00:00","dateModified":"2019-03-11T10:56:03+00:00","breadcrumb":{"@id":"https:\/\/www.bktronic.fr\/de\/mentions-legales\/#breadcrumb"},"inLanguage":"de","potentialAction":[{"@type":"ReadAction","target":["https:\/\/www.bktronic.fr\/de\/mentions-legales\/"]}]},{"@type":"BreadcrumbList","@id":"https:\/\/www.bktronic.fr\/de\/mentions-legales\/#breadcrumb","itemListElement":[{"@type":"ListItem","position":1,"name":"Startseite","item":"https:\/\/www.bktronic.fr\/de\/"},{"@type":"ListItem","position":2,"name":"Mentions l\u00e9gales"}]}]}},"_links":{"self":[{"href":"https:\/\/www.bktronic.fr\/de\/wp-json\/wp\/v2\/pages\/84"}],"collection":[{"href":"https:\/\/www.bktronic.fr\/de\/wp-json\/wp\/v2\/pages"}],"about":[{"href":"https:\/\/www.bktronic.fr\/de\/wp-json\/wp\/v2\/types\/page"}],"author":[{"embeddable":true,"href":"https:\/\/www.bktronic.fr\/de\/wp-json\/wp\/v2\/users\/5"}],"replies":[{"embeddable":true,"href":"https:\/\/www.bktronic.fr\/de\/wp-json\/wp\/v2\/comments?post=84"}],"version-history":[{"count":0,"href":"https:\/\/www.bktronic.fr\/de\/wp-json\/wp\/v2\/pages\/84\/revisions"}],"wp:attachment":[{"href":"https:\/\/www.bktronic.fr\/de\/wp-json\/wp\/v2\/media?parent=84"}],"curies":[{"name":"wp","href":"https:\/\/api.w.org\/{rel}","templated":true}]}}