{"id":375,"date":"2018-01-05T17:04:10","date_gmt":"2018-01-05T16:04:10","guid":{"rendered":"https:\/\/www.bktronic.fr\/?page_id=375"},"modified":"2020-03-24T14:19:16","modified_gmt":"2020-03-24T13:19:16","slug":"acquisto-vendita-di-robot","status":"publish","type":"page","link":"https:\/\/www.bktronic.fr\/en\/bktronic\/acquisto-vendita-di-robot\/","title":{"rendered":"Acquisto\/Vendita di robot"},"content":{"rendered":"<p>Oltre le sue attivit\u00e0 di riparazione e manutenzione, BKTRONIC offre dei robot usati, revisionati secondo le vostre esigenze tecniche.<\/p>\n<p>Possiamo offrire\u00a0 dei robot renovati, garantiti e testati, a tariffe molto interessanti.<\/p>\n<p>Offriamo dei robot di ogni generazione : armadio da S3 a IRC5. La maggior parte dei robot hanno poche ore di funzionamento; inoltre, possiamo occuparci dell\u2019installazione, della messa in servizio e della formazione.<\/p>\n<p>Non esitate a contattarci per un preventivo gratuito; siamo in grado di rispondere alle sue richieste nel pi\u00f9 breve tempo possibile.<\/p>\n<p>Proponiamo anche di acquistare i vostri robot (o ricambi)<\/p>\n<p>Non esitate a comunicarci le caratteristiche e vi invieremo una proposta d&#8217;acquisto.<\/p>\n","protected":false},"excerpt":{"rendered":"<p>Oltre le sue attivit\u00e0 di riparazione e manutenzione, BKTRONIC offre dei robot usati, revisionati secondo le vostre esigenze tecniche. Possiamo offrire\u00a0 dei robot renovati, garantiti e testati, a tariffe molto [&hellip;]<\/p>\n","protected":false},"author":5,"featured_media":0,"parent":149,"menu_order":25,"comment_status":"closed","ping_status":"closed","template":"","meta":[],"acf":[],"yoast_head":"<!-- This site is optimized with the Yoast SEO plugin v18.3 - https:\/\/yoast.com\/wordpress\/plugins\/seo\/ -->\n<title>Acquisto \/ Vendita di robot ABB usati e nuovi<\/title>\n<meta name=\"robots\" content=\"index, follow, max-snippet:-1, max-image-preview:large, max-video-preview:-1\" \/>\n<link rel=\"canonical\" href=\"https:\/\/www.bktronic.fr\/en\/bktronic\/acquisto-vendita-di-robot\/\" \/>\n<meta property=\"og:locale\" content=\"en_US\" \/>\n<meta property=\"og:type\" content=\"article\" \/>\n<meta property=\"og:title\" content=\"Acquisto \/ Vendita di robot ABB usati e nuovi\" \/>\n<meta property=\"og:description\" content=\"Oltre le sue attivit\u00e0 di riparazione e manutenzione, BKTRONIC offre dei robot usati, revisionati secondo le vostre esigenze tecniche. Possiamo offrire\u00a0 dei robot renovati, garantiti e testati, a tariffe molto [&hellip;]\" \/>\n<meta property=\"og:url\" content=\"https:\/\/www.bktronic.fr\/en\/bktronic\/acquisto-vendita-di-robot\/\" \/>\n<meta property=\"og:site_name\" content=\"Bktronic\" \/>\n<meta property=\"article:modified_time\" content=\"2020-03-24T13:19:16+00:00\" \/>\n<meta name=\"twitter:card\" content=\"summary_large_image\" \/>\n<meta name=\"twitter:label1\" content=\"Est. reading time\" \/>\n\t<meta name=\"twitter:data1\" content=\"1 minute\" \/>\n<script type=\"application\/ld+json\" class=\"yoast-schema-graph\">{\"@context\":\"https:\/\/schema.org\",\"@graph\":[{\"@type\":\"WebSite\",\"@id\":\"https:\/\/www.bktronic.fr\/en\/#website\",\"url\":\"https:\/\/www.bktronic.fr\/en\/\",\"name\":\"Bktronic\",\"description\":\"Sp\u00e9cialiste en robotique ABB, r\u00e9paration et maintenance \u00e9lectronique industrielle - robot abb\",\"potentialAction\":[{\"@type\":\"SearchAction\",\"target\":{\"@type\":\"EntryPoint\",\"urlTemplate\":\"https:\/\/www.bktronic.fr\/en\/?s={search_term_string}\"},\"query-input\":\"required name=search_term_string\"}],\"inLanguage\":\"en-US\"},{\"@type\":\"WebPage\",\"@id\":\"https:\/\/www.bktronic.fr\/en\/bktronic\/acquisto-vendita-di-robot\/#webpage\",\"url\":\"https:\/\/www.bktronic.fr\/en\/bktronic\/acquisto-vendita-di-robot\/\",\"name\":\"Acquisto \/ Vendita di robot ABB usati e nuovi\",\"isPartOf\":{\"@id\":\"https:\/\/www.bktronic.fr\/en\/#website\"},\"datePublished\":\"2018-01-05T16:04:10+00:00\",\"dateModified\":\"2020-03-24T13:19:16+00:00\",\"breadcrumb\":{\"@id\":\"https:\/\/www.bktronic.fr\/en\/bktronic\/acquisto-vendita-di-robot\/#breadcrumb\"},\"inLanguage\":\"en-US\",\"potentialAction\":[{\"@type\":\"ReadAction\",\"target\":[\"https:\/\/www.bktronic.fr\/en\/bktronic\/acquisto-vendita-di-robot\/\"]}]},{\"@type\":\"BreadcrumbList\",\"@id\":\"https:\/\/www.bktronic.fr\/en\/bktronic\/acquisto-vendita-di-robot\/#breadcrumb\",\"itemListElement\":[{\"@type\":\"ListItem\",\"position\":1,\"name\":\"Home\",\"item\":\"https:\/\/www.bktronic.fr\/en\/bktronic-3\/\"},{\"@type\":\"ListItem\",\"position\":2,\"name\":\"Acquisto\/Vendita di robot\"}]}]}<\/script>\n<!-- \/ Yoast SEO plugin. -->","yoast_head_json":{"title":"Acquisto \/ Vendita di robot ABB usati e nuovi","robots":{"index":"index","follow":"follow","max-snippet":"max-snippet:-1","max-image-preview":"max-image-preview:large","max-video-preview":"max-video-preview:-1"},"canonical":"https:\/\/www.bktronic.fr\/en\/bktronic\/acquisto-vendita-di-robot\/","og_locale":"en_US","og_type":"article","og_title":"Acquisto \/ Vendita di robot ABB usati e nuovi","og_description":"Oltre le sue attivit\u00e0 di riparazione e manutenzione, BKTRONIC offre dei robot usati, revisionati secondo le vostre esigenze tecniche. Possiamo offrire\u00a0 dei robot renovati, garantiti e testati, a tariffe molto [&hellip;]","og_url":"https:\/\/www.bktronic.fr\/en\/bktronic\/acquisto-vendita-di-robot\/","og_site_name":"Bktronic","article_modified_time":"2020-03-24T13:19:16+00:00","twitter_card":"summary_large_image","twitter_misc":{"Est. reading time":"1 minute"},"schema":{"@context":"https:\/\/schema.org","@graph":[{"@type":"WebSite","@id":"https:\/\/www.bktronic.fr\/en\/#website","url":"https:\/\/www.bktronic.fr\/en\/","name":"Bktronic","description":"Sp\u00e9cialiste en robotique ABB, r\u00e9paration et maintenance \u00e9lectronique industrielle - robot abb","potentialAction":[{"@type":"SearchAction","target":{"@type":"EntryPoint","urlTemplate":"https:\/\/www.bktronic.fr\/en\/?s={search_term_string}"},"query-input":"required name=search_term_string"}],"inLanguage":"en-US"},{"@type":"WebPage","@id":"https:\/\/www.bktronic.fr\/en\/bktronic\/acquisto-vendita-di-robot\/#webpage","url":"https:\/\/www.bktronic.fr\/en\/bktronic\/acquisto-vendita-di-robot\/","name":"Acquisto \/ Vendita di robot ABB usati e nuovi","isPartOf":{"@id":"https:\/\/www.bktronic.fr\/en\/#website"},"datePublished":"2018-01-05T16:04:10+00:00","dateModified":"2020-03-24T13:19:16+00:00","breadcrumb":{"@id":"https:\/\/www.bktronic.fr\/en\/bktronic\/acquisto-vendita-di-robot\/#breadcrumb"},"inLanguage":"en-US","potentialAction":[{"@type":"ReadAction","target":["https:\/\/www.bktronic.fr\/en\/bktronic\/acquisto-vendita-di-robot\/"]}]},{"@type":"BreadcrumbList","@id":"https:\/\/www.bktronic.fr\/en\/bktronic\/acquisto-vendita-di-robot\/#breadcrumb","itemListElement":[{"@type":"ListItem","position":1,"name":"Home","item":"https:\/\/www.bktronic.fr\/en\/bktronic-3\/"},{"@type":"ListItem","position":2,"name":"Acquisto\/Vendita di robot"}]}]}},"_links":{"self":[{"href":"https:\/\/www.bktronic.fr\/en\/wp-json\/wp\/v2\/pages\/375"}],"collection":[{"href":"https:\/\/www.bktronic.fr\/en\/wp-json\/wp\/v2\/pages"}],"about":[{"href":"https:\/\/www.bktronic.fr\/en\/wp-json\/wp\/v2\/types\/page"}],"author":[{"embeddable":true,"href":"https:\/\/www.bktronic.fr\/en\/wp-json\/wp\/v2\/users\/5"}],"replies":[{"embeddable":true,"href":"https:\/\/www.bktronic.fr\/en\/wp-json\/wp\/v2\/comments?post=375"}],"version-history":[{"count":0,"href":"https:\/\/www.bktronic.fr\/en\/wp-json\/wp\/v2\/pages\/375\/revisions"}],"up":[{"embeddable":true,"href":"https:\/\/www.bktronic.fr\/en\/wp-json\/wp\/v2\/pages\/149"}],"wp:attachment":[{"href":"https:\/\/www.bktronic.fr\/en\/wp-json\/wp\/v2\/media?parent=375"}],"curies":[{"name":"wp","href":"https:\/\/api.w.org\/{rel}","templated":true}]}}