{"id":389,"date":"2018-01-05T17:06:22","date_gmt":"2018-01-05T16:06:22","guid":{"rendered":"https:\/\/www.bktronic.fr\/?page_id=389"},"modified":"2021-11-02T15:08:40","modified_gmt":"2021-11-02T14:08:40","slug":"mantenimiento-robotico-in-situ","status":"publish","type":"page","link":"https:\/\/www.bktronic.fr\/en\/bktronic-4\/mantenimiento-robotico-in-situ\/","title":{"rendered":"Mantenimiento rob\u00f3tico in situ"},"content":{"rendered":"<p>&nbsp;<\/p>\n<h2 style=\"text-align: center;\">MANTENIMIENTO IN SITU EFECTUADO POR NUESTROS EXPERTOS EN ROB\u00d3TICA<\/h2>\n<p><img src=\"https:\/\/www.bktronic.fr\/wp-content\/uploads\/diagnostic-6-e1635252495124.png\" alt=\"ligne page maintenance robotique\" class=\"aligncenter\" \/><\/p>\n<p>&nbsp;<\/p>\n<p><img src=\"https:\/\/www.bktronic.fr\/wp-content\/uploads\/\/maintenance-sur-site-esp-e1635860397221-1024x645.jpg\" alt=\"mantenimiento rob\u00f3tico in situ\" class=\"size-large aligncenter\" \/><\/p>\n<h3><\/h3>\n<h3 style=\"text-align: center;\"><span style=\"color: #f2cb5d;\">BKTRONIC<\/span> est\u00e1 a tu servicio para cualquier <span style=\"color: #f2cb5d;\">mantenimiento rob\u00f3tico preventivo y curativo de la rob\u00f3tica ABB in situ.<\/span><\/h3>\n<p>&nbsp;<\/p>\n<h2 style=\"text-align: left;\"><img src=\"https:\/\/www.bktronic.fr\/wp-content\/uploads\/\/sans-titre-5-212x300.png\" alt=\"\u00e9l\u00e9ment maintenance pr\u00e9ventive annuelle\" class=\"alignnone alignleft\" \/>MANTENIMIENTO PREVENTIVO ANUAL<\/h2>\n<p style=\"text-align: left;\">Cada a\u00f1o, y seg\u00fan las horas de funcionamiento del robot, se debe realizar una operaci\u00f3n de mantenimiento preventivo<\/p>\n<p style=\"text-align: left;\">Establecimos un gama completa de <strong>mantemientos preventivos electr\u00f3nicos y mec\u00e1nicos<\/strong> en total acuerdo con las preconisaciones de los constructores, que se resumen a continuaci\u00f3n:<\/p>\n<p style=\"text-align: left;\">La <strong>gama de mantenimiento mec\u00e1nico<\/strong> incluye una revisi\u00f3n de todos los ejes, frenos, juegos y cables, as\u00ed como el cambio de aceites y grasas y la limpieza.<\/p>\n<p style=\"text-align: left;\">La<strong> gama de mantenimiento el\u00e9ctrico<\/strong> incluye un control del armario (errores, versi\u00f3n del software y sistema, tensiones, ventiladores, etc.), un control de la consola y de todos los cables y conectores, y la limpieza.<\/p>\n<p style=\"text-align: left;\">Entregamos un <strong>informe detallado<\/strong> de cada intervenci\u00f3n, as\u00ed como <strong>una copia de seguridad completa<\/strong> del sistema. En caso de que los componentes se encuentren al final de su vida \u00fatil o sean defectuosos, le haremos un presupuesto para el cambio de estas piezas.<\/p>\n<p>&nbsp;<\/p>\n<p>&nbsp;<\/p>\n<p>&nbsp;<\/p>\n<p><img src=\"https:\/\/www.bktronic.fr\/wp-content\/uploads\/\/une-equipe-de-roboticiens-confirmes-au-service-de-vos-robots-1-scaled-e1635860232631-1024x231.jpg\" alt=\"mantenimiento rob\u00f3tico in situ\" class=\"aligncenter size-large\" \/><\/p>\n<p>&nbsp;<\/p>\n<p>&nbsp;<\/p>\n<h2><img src=\"https:\/\/www.bktronic.fr\/wp-content\/uploads\/sans-titre-4-e1635332976610-60x300.png\" alt=\"\u00e9l\u00e9ment maintenance curative\" class=\"alignleft size-medium\" \/>MANTENIMIENTO CURATIVO<\/h2>\n<p>En muchos casos, la aver\u00eda de un robot provoca r\u00e1pidamente problemas de producci\u00f3n.<\/p>\n<p>Por eso, nuestros roboticistas pueden <strong>acudir al lugar<\/strong> con un lote de material (electr\u00f3nica, motor, mazos, por ejemplo), para <strong>detectar el elemento defectuoso lo antes posible<\/strong>, sustituirlo y reanudar la producci\u00f3n lo antes posible.<\/p>\n<p>Por supuesto, tambi\u00e9n podemos llevar a cabo <strong>cambios planificados de piezas<\/strong>, como parte de una operaci\u00f3n preventiva (por ejemplo, una sustituci\u00f3n planificada de varios mazos de cables en varios robots).<\/p>\n<p><img src=\"https:\/\/www.bktronic.fr\/wp-content\/uploads\/diagnostic-6-e1635252495124.png\" alt=\"ligne page maintenance robotique\" class=\"aligncenter\" \/><\/p>\n<p>&nbsp;<\/p>\n<h3 style=\"text-align: center;\">\u00a1No dudes y\u00a0<a href=\"https:\/\/www.bktronic.fr\/en\/contacto\/\"><span style=\"color: #f2cb5d;\">cont\u00e1ctanos<\/span><\/a>!<\/h3>\n<h3 style=\"text-align: center;\">Responderemos de la manera m\u00e1s adecuada a tus necesidades.<\/h3>\n","protected":false},"excerpt":{"rendered":"<p>&nbsp; MANTENIMIENTO IN SITU EFECTUADO POR NUESTROS EXPERTOS EN ROB\u00d3TICA &nbsp; BKTRONIC est\u00e1 a tu servicio para cualquier mantenimiento rob\u00f3tico preventivo y curativo de la rob\u00f3tica ABB in situ. &nbsp; [&hellip;]<\/p>\n","protected":false},"author":5,"featured_media":0,"parent":151,"menu_order":30,"comment_status":"closed","ping_status":"closed","template":"","meta":[],"acf":[],"yoast_head":"<!-- This site is optimized with the Yoast SEO plugin v18.3 - https:\/\/yoast.com\/wordpress\/plugins\/seo\/ -->\n<title>Mantenimiento rob\u00f3tico in situ<\/title>\n<meta name=\"description\" content=\"Bktronic est\u00e1 a tu servicio para cualquier mantenimiento preventivo y curativo de la rob\u00f3tica ABB in situ - Mantenimiento rob\u00f3tico in situ\" \/>\n<meta name=\"robots\" content=\"index, follow, max-snippet:-1, max-image-preview:large, max-video-preview:-1\" \/>\n<link rel=\"canonical\" href=\"https:\/\/www.bktronic.fr\/en\/bktronic-4\/mantenimiento-robotico-in-situ\/\" \/>\n<meta property=\"og:locale\" content=\"en_US\" \/>\n<meta property=\"og:type\" content=\"article\" \/>\n<meta property=\"og:title\" content=\"Mantenimiento rob\u00f3tico in situ\" \/>\n<meta property=\"og:description\" content=\"Bktronic est\u00e1 a tu servicio para cualquier mantenimiento preventivo y curativo de la rob\u00f3tica ABB in situ - Mantenimiento rob\u00f3tico in situ\" \/>\n<meta property=\"og:url\" content=\"https:\/\/www.bktronic.fr\/en\/bktronic-4\/mantenimiento-robotico-in-situ\/\" \/>\n<meta property=\"og:site_name\" content=\"Bktronic\" \/>\n<meta property=\"article:modified_time\" content=\"2021-11-02T14:08:40+00:00\" \/>\n<meta property=\"og:image\" content=\"https:\/\/www.bktronic.fr\/wp-content\/uploads\/diagnostic-6-e1635252495124.png\" \/>\n<meta name=\"twitter:card\" content=\"summary_large_image\" \/>\n<meta name=\"twitter:label1\" content=\"Est. reading time\" \/>\n\t<meta name=\"twitter:data1\" content=\"3 minutes\" \/>\n<script type=\"application\/ld+json\" class=\"yoast-schema-graph\">{\"@context\":\"https:\/\/schema.org\",\"@graph\":[{\"@type\":\"WebSite\",\"@id\":\"https:\/\/www.bktronic.fr\/en\/#website\",\"url\":\"https:\/\/www.bktronic.fr\/en\/\",\"name\":\"Bktronic\",\"description\":\"Sp\u00e9cialiste en robotique ABB, r\u00e9paration et maintenance \u00e9lectronique industrielle - robot abb\",\"potentialAction\":[{\"@type\":\"SearchAction\",\"target\":{\"@type\":\"EntryPoint\",\"urlTemplate\":\"https:\/\/www.bktronic.fr\/en\/?s={search_term_string}\"},\"query-input\":\"required name=search_term_string\"}],\"inLanguage\":\"en-US\"},{\"@type\":\"ImageObject\",\"@id\":\"https:\/\/www.bktronic.fr\/en\/bktronic-4\/mantenimiento-robotico-in-situ\/#primaryimage\",\"inLanguage\":\"en-US\",\"url\":\"https:\/\/www.bktronic.fr\/wp-content\/uploads\/diagnostic-6-e1635252495124.png\",\"contentUrl\":\"https:\/\/www.bktronic.fr\/wp-content\/uploads\/diagnostic-6-e1635252495124.png\",\"width\":895,\"height\":60},{\"@type\":\"WebPage\",\"@id\":\"https:\/\/www.bktronic.fr\/en\/bktronic-4\/mantenimiento-robotico-in-situ\/#webpage\",\"url\":\"https:\/\/www.bktronic.fr\/en\/bktronic-4\/mantenimiento-robotico-in-situ\/\",\"name\":\"Mantenimiento rob\u00f3tico in situ\",\"isPartOf\":{\"@id\":\"https:\/\/www.bktronic.fr\/en\/#website\"},\"primaryImageOfPage\":{\"@id\":\"https:\/\/www.bktronic.fr\/en\/bktronic-4\/mantenimiento-robotico-in-situ\/#primaryimage\"},\"datePublished\":\"2018-01-05T16:06:22+00:00\",\"dateModified\":\"2021-11-02T14:08:40+00:00\",\"description\":\"Bktronic est\u00e1 a tu servicio para cualquier mantenimiento preventivo y curativo de la rob\u00f3tica ABB in situ - Mantenimiento rob\u00f3tico in situ\",\"breadcrumb\":{\"@id\":\"https:\/\/www.bktronic.fr\/en\/bktronic-4\/mantenimiento-robotico-in-situ\/#breadcrumb\"},\"inLanguage\":\"en-US\",\"potentialAction\":[{\"@type\":\"ReadAction\",\"target\":[\"https:\/\/www.bktronic.fr\/en\/bktronic-4\/mantenimiento-robotico-in-situ\/\"]}]},{\"@type\":\"BreadcrumbList\",\"@id\":\"https:\/\/www.bktronic.fr\/en\/bktronic-4\/mantenimiento-robotico-in-situ\/#breadcrumb\",\"itemListElement\":[{\"@type\":\"ListItem\",\"position\":1,\"name\":\"Home\",\"item\":\"https:\/\/www.bktronic.fr\/en\/bktronic-3\/\"},{\"@type\":\"ListItem\",\"position\":2,\"name\":\"BKTRONIC\",\"item\":\"https:\/\/www.bktronic.fr\/en\/\"},{\"@type\":\"ListItem\",\"position\":3,\"name\":\"Mantenimiento rob\u00f3tico in situ\"}]}]}<\/script>\n<!-- \/ Yoast SEO plugin. -->","yoast_head_json":{"title":"Mantenimiento rob\u00f3tico in situ","description":"Bktronic est\u00e1 a tu servicio para cualquier mantenimiento preventivo y curativo de la rob\u00f3tica ABB in situ - Mantenimiento rob\u00f3tico in situ","robots":{"index":"index","follow":"follow","max-snippet":"max-snippet:-1","max-image-preview":"max-image-preview:large","max-video-preview":"max-video-preview:-1"},"canonical":"https:\/\/www.bktronic.fr\/en\/bktronic-4\/mantenimiento-robotico-in-situ\/","og_locale":"en_US","og_type":"article","og_title":"Mantenimiento rob\u00f3tico in situ","og_description":"Bktronic est\u00e1 a tu servicio para cualquier mantenimiento preventivo y curativo de la rob\u00f3tica ABB in situ - Mantenimiento rob\u00f3tico in situ","og_url":"https:\/\/www.bktronic.fr\/en\/bktronic-4\/mantenimiento-robotico-in-situ\/","og_site_name":"Bktronic","article_modified_time":"2021-11-02T14:08:40+00:00","og_image":[{"url":"https:\/\/www.bktronic.fr\/wp-content\/uploads\/diagnostic-6-e1635252495124.png"}],"twitter_card":"summary_large_image","twitter_misc":{"Est. reading time":"3 minutes"},"schema":{"@context":"https:\/\/schema.org","@graph":[{"@type":"WebSite","@id":"https:\/\/www.bktronic.fr\/en\/#website","url":"https:\/\/www.bktronic.fr\/en\/","name":"Bktronic","description":"Sp\u00e9cialiste en robotique ABB, r\u00e9paration et maintenance \u00e9lectronique industrielle - robot abb","potentialAction":[{"@type":"SearchAction","target":{"@type":"EntryPoint","urlTemplate":"https:\/\/www.bktronic.fr\/en\/?s={search_term_string}"},"query-input":"required name=search_term_string"}],"inLanguage":"en-US"},{"@type":"ImageObject","@id":"https:\/\/www.bktronic.fr\/en\/bktronic-4\/mantenimiento-robotico-in-situ\/#primaryimage","inLanguage":"en-US","url":"https:\/\/www.bktronic.fr\/wp-content\/uploads\/diagnostic-6-e1635252495124.png","contentUrl":"https:\/\/www.bktronic.fr\/wp-content\/uploads\/diagnostic-6-e1635252495124.png","width":895,"height":60},{"@type":"WebPage","@id":"https:\/\/www.bktronic.fr\/en\/bktronic-4\/mantenimiento-robotico-in-situ\/#webpage","url":"https:\/\/www.bktronic.fr\/en\/bktronic-4\/mantenimiento-robotico-in-situ\/","name":"Mantenimiento rob\u00f3tico in situ","isPartOf":{"@id":"https:\/\/www.bktronic.fr\/en\/#website"},"primaryImageOfPage":{"@id":"https:\/\/www.bktronic.fr\/en\/bktronic-4\/mantenimiento-robotico-in-situ\/#primaryimage"},"datePublished":"2018-01-05T16:06:22+00:00","dateModified":"2021-11-02T14:08:40+00:00","description":"Bktronic est\u00e1 a tu servicio para cualquier mantenimiento preventivo y curativo de la rob\u00f3tica ABB in situ - Mantenimiento rob\u00f3tico in situ","breadcrumb":{"@id":"https:\/\/www.bktronic.fr\/en\/bktronic-4\/mantenimiento-robotico-in-situ\/#breadcrumb"},"inLanguage":"en-US","potentialAction":[{"@type":"ReadAction","target":["https:\/\/www.bktronic.fr\/en\/bktronic-4\/mantenimiento-robotico-in-situ\/"]}]},{"@type":"BreadcrumbList","@id":"https:\/\/www.bktronic.fr\/en\/bktronic-4\/mantenimiento-robotico-in-situ\/#breadcrumb","itemListElement":[{"@type":"ListItem","position":1,"name":"Home","item":"https:\/\/www.bktronic.fr\/en\/bktronic-3\/"},{"@type":"ListItem","position":2,"name":"BKTRONIC","item":"https:\/\/www.bktronic.fr\/en\/"},{"@type":"ListItem","position":3,"name":"Mantenimiento rob\u00f3tico in situ"}]}]}},"_links":{"self":[{"href":"https:\/\/www.bktronic.fr\/en\/wp-json\/wp\/v2\/pages\/389"}],"collection":[{"href":"https:\/\/www.bktronic.fr\/en\/wp-json\/wp\/v2\/pages"}],"about":[{"href":"https:\/\/www.bktronic.fr\/en\/wp-json\/wp\/v2\/types\/page"}],"author":[{"embeddable":true,"href":"https:\/\/www.bktronic.fr\/en\/wp-json\/wp\/v2\/users\/5"}],"replies":[{"embeddable":true,"href":"https:\/\/www.bktronic.fr\/en\/wp-json\/wp\/v2\/comments?post=389"}],"version-history":[{"count":0,"href":"https:\/\/www.bktronic.fr\/en\/wp-json\/wp\/v2\/pages\/389\/revisions"}],"up":[{"embeddable":true,"href":"https:\/\/www.bktronic.fr\/en\/wp-json\/wp\/v2\/pages\/151"}],"wp:attachment":[{"href":"https:\/\/www.bktronic.fr\/en\/wp-json\/wp\/v2\/media?parent=389"}],"curies":[{"name":"wp","href":"https:\/\/api.w.org\/{rel}","templated":true}]}}