{"id":78,"date":"2017-11-29T17:16:35","date_gmt":"2017-11-29T16:16:35","guid":{"rendered":"https:\/\/www.bktronic.fr\/?page_id=78"},"modified":"2022-07-26T13:57:45","modified_gmt":"2022-07-26T11:57:45","slug":"a-propos","status":"publish","type":"page","link":"https:\/\/www.bktronic.fr\/es\/bktronic-2\/a-propos\/","title":{"rendered":"Qui sommes nous ?"},"content":{"rendered":"<p>&nbsp;<\/p>\n<p><img src=\"https:\/\/www.bktronic.fr\/wp-content\/uploads\/diagnostic-6-e1635252495124.png\" alt=\"ligne page maintenance robotique\" class=\"aligncenter\" \/><\/p>\n<p><img src=\"https:\/\/www.bktronic.fr\/wp-content\/uploads\/qui-sommes-nous-2-scaled-e1635344431831-1024x550.jpg\" alt=\"histoire bktronic robotique industrielle\" class=\"aligncenter size-large\" \/><\/p>\n<p>&nbsp;<\/p>\n<p><strong>BKTRONIC, cr\u00e9\u00e9e en 2009, <\/strong>est une soci\u00e9t\u00e9 bas\u00e9e en Alsace, sp\u00e9cialis\u00e9e dans la robotique de marque ABB, KUKA et FANUC avec comme c\u0153ur de m\u00e9tier la <strong>r\u00e9paration \u00e9lectronique industrielle<\/strong>.<\/p>\n<p>Au fil des ann\u00e9es, nous avons<strong> diversifi\u00e9 notre panel de services<\/strong>, qui couvre maintenant la grande majorit\u00e9 des besoins qu&#8217;un utilisateur de robot ABB ou KUKA peut rencontrer :<\/p>\n<ul>\n<li>Diff\u00e9rentes solutions sur tout type de pi\u00e8ces d\u00e9tach\u00e9es, de l&#8217;\u00e9lectronique \u00e0 la m\u00e9canique<\/li>\n<li>Interventions sur site (en pr\u00e9ventif ou curatif)<\/li>\n<li>Achat \/ Vente de robots r\u00e9vis\u00e9s<\/li>\n<\/ul>\n<p>La soci\u00e9t\u00e9 <a href=\"https:\/\/www.robotkable.com\/\"><span style=\"color: #f2cb5c;\"><strong>roBotKable<\/strong><\/span><\/a>,<strong> filiale de BKTRONIC<\/strong>, et implant\u00e9e dans les m\u00eames locaux est quant \u00e0 elle sp\u00e9cialis\u00e9e dans la r\u00e9novation, la fourniture et la conception de c\u00e2bles et faisceaux (internes ou process) pour les <strong>robots industriels<\/strong>.<\/p>\n<p>Avec une <strong>forte comp\u00e9tence<\/strong> sur la marque de robots ABB, nous avons les moyens techniques et humains pour r\u00e9pondre \u00e0 tous types de demandes concernant les c\u00e2bles connectiques p\u00e9riph\u00e9riques aux robots industriels.<\/p>\n<p>Afin de proposer des pi\u00e8ces d&#8217;un <strong>haut niveau de qualit\u00e9<\/strong>, nous avons investi dans de nombreux robots (plus de 20 robots d\u00e9di\u00e9s aux tests), et avons d\u00e9velopp\u00e9s des bancs de test d\u00e9di\u00e9s \u00e0 des \u00e9l\u00e9ments sp\u00e9cifiques install\u00e9s sur les robots (7\u00e8mes axes, cartes E\/S).<\/p>\n<p>Toutes les pi\u00e8ces propos\u00e9es sont <strong>garanties 1 an<\/strong>. Nous proposons des <strong>devis de r\u00e9paration gratuits<\/strong>, et dans le cas d&#8217;une demande de prix, nous vous garantissons une r\u00e9ponse rapide.<\/p>\n<p>La gestion de l&#8217;urgence fait partie de nos habitudes : en cas d&#8217;arr\u00eat de production, nous mettons tout en \u0153uvre pour vous proposer une solution correspondant \u00e0 vos attentes.<\/p>\n<p>Nous sommes en mesure de proposer des solutions d&#8217;\u00e9change-standard et de remise en \u00e9tat pour la majeure partie des r\u00e9f\u00e9rences install\u00e9es sur robots ABB.<\/p>\n<p>&nbsp;<\/p>\n<h4 style=\"text-align: center;\"><span style=\"color: #000000;\"><strong>Notre savoir-faire nous permet aussi de r\u00e9pondre \u00e0 de multiples demandes sur d&#8217;autres marques de robots.<\/strong><\/span><\/h4>\n<p>&nbsp;<\/p>\n<p><img src=\"https:\/\/www.bktronic.fr\/wp-content\/uploads\/diagnostic-6-e1635252495124.png\" alt=\"ligne page maintenance robotique\" class=\"aligncenter\" \/><\/p>\n<p>&nbsp;<\/p>\n<p>&nbsp;<\/p>\n","protected":false},"excerpt":{"rendered":"<p>&nbsp; &nbsp; BKTRONIC, cr\u00e9\u00e9e en 2009, est une soci\u00e9t\u00e9 bas\u00e9e en Alsace, sp\u00e9cialis\u00e9e dans la robotique de marque ABB, KUKA et FANUC avec comme c\u0153ur de m\u00e9tier la r\u00e9paration \u00e9lectronique [&hellip;]<\/p>\n","protected":false},"author":5,"featured_media":12541,"parent":2,"menu_order":35,"comment_status":"closed","ping_status":"closed","template":"","meta":[],"acf":[],"yoast_head":"<!-- This site is optimized with the Yoast SEO plugin v18.3 - https:\/\/yoast.com\/wordpress\/plugins\/seo\/ -->\n<title>Qui sommes nous ? - Bktronic<\/title>\n<meta name=\"description\" content=\"Bktronic est une soci\u00e9t\u00e9 sp\u00e9cialis\u00e9e dans la robotique ABB, KUKA et FANUC avec comme c\u0153ur de m\u00e9tier la r\u00e9paration \u00e9lectronique industrielle.\" \/>\n<meta name=\"robots\" content=\"index, follow, max-snippet:-1, max-image-preview:large, max-video-preview:-1\" \/>\n<link rel=\"canonical\" href=\"https:\/\/www.bktronic.fr\/es\/bktronic-2\/a-propos\/\" \/>\n<meta property=\"og:locale\" content=\"es_ES\" \/>\n<meta property=\"og:type\" content=\"article\" \/>\n<meta property=\"og:title\" content=\"Qui sommes nous ? - Bktronic\" \/>\n<meta property=\"og:description\" content=\"Bktronic est une soci\u00e9t\u00e9 sp\u00e9cialis\u00e9e dans la robotique ABB, KUKA et FANUC avec comme c\u0153ur de m\u00e9tier la r\u00e9paration \u00e9lectronique industrielle.\" \/>\n<meta property=\"og:url\" content=\"https:\/\/www.bktronic.fr\/es\/bktronic-2\/a-propos\/\" \/>\n<meta property=\"og:site_name\" content=\"Bktronic\" \/>\n<meta property=\"article:modified_time\" content=\"2022-07-26T11:57:45+00:00\" \/>\n<meta property=\"og:image\" content=\"https:\/\/www.bktronic.fr\/wp-content\/uploads\/qui-sommes-nous-2-scaled-e1635344431831.jpg\" \/>\n\t<meta property=\"og:image:width\" content=\"1798\" \/>\n\t<meta property=\"og:image:height\" content=\"966\" \/>\n\t<meta property=\"og:image:type\" content=\"image\/jpeg\" \/>\n<meta name=\"twitter:card\" content=\"summary_large_image\" \/>\n<meta name=\"twitter:label1\" content=\"Tiempo de lectura\" \/>\n\t<meta name=\"twitter:data1\" content=\"3 minutos\" \/>\n<script type=\"application\/ld+json\" class=\"yoast-schema-graph\">{\"@context\":\"https:\/\/schema.org\",\"@graph\":[{\"@type\":\"WebSite\",\"@id\":\"https:\/\/www.bktronic.fr\/es\/#website\",\"url\":\"https:\/\/www.bktronic.fr\/es\/\",\"name\":\"Bktronic\",\"description\":\"Especialista en rob\u00f3tica ABB, reparaciones y mantenimientos electr\u00f3nicos industriales - robot abb\",\"potentialAction\":[{\"@type\":\"SearchAction\",\"target\":{\"@type\":\"EntryPoint\",\"urlTemplate\":\"https:\/\/www.bktronic.fr\/es\/?s={search_term_string}\"},\"query-input\":\"required name=search_term_string\"}],\"inLanguage\":\"es\"},{\"@type\":\"ImageObject\",\"@id\":\"https:\/\/www.bktronic.fr\/es\/bktronic-2\/a-propos\/#primaryimage\",\"inLanguage\":\"es\",\"url\":\"https:\/\/www.bktronic.fr\/wp-content\/uploads\/qui-sommes-nous-2-scaled-e1635344431831.jpg\",\"contentUrl\":\"https:\/\/www.bktronic.fr\/wp-content\/uploads\/qui-sommes-nous-2-scaled-e1635344431831.jpg\",\"width\":1798,\"height\":966},{\"@type\":\"WebPage\",\"@id\":\"https:\/\/www.bktronic.fr\/es\/bktronic-2\/a-propos\/#webpage\",\"url\":\"https:\/\/www.bktronic.fr\/es\/bktronic-2\/a-propos\/\",\"name\":\"Qui sommes nous ? - Bktronic\",\"isPartOf\":{\"@id\":\"https:\/\/www.bktronic.fr\/es\/#website\"},\"primaryImageOfPage\":{\"@id\":\"https:\/\/www.bktronic.fr\/es\/bktronic-2\/a-propos\/#primaryimage\"},\"datePublished\":\"2017-11-29T16:16:35+00:00\",\"dateModified\":\"2022-07-26T11:57:45+00:00\",\"description\":\"Bktronic est une soci\u00e9t\u00e9 sp\u00e9cialis\u00e9e dans la robotique ABB, KUKA et FANUC avec comme c\u0153ur de m\u00e9tier la r\u00e9paration \u00e9lectronique industrielle.\",\"breadcrumb\":{\"@id\":\"https:\/\/www.bktronic.fr\/es\/bktronic-2\/a-propos\/#breadcrumb\"},\"inLanguage\":\"es\",\"potentialAction\":[{\"@type\":\"ReadAction\",\"target\":[\"https:\/\/www.bktronic.fr\/es\/bktronic-2\/a-propos\/\"]}]},{\"@type\":\"BreadcrumbList\",\"@id\":\"https:\/\/www.bktronic.fr\/es\/bktronic-2\/a-propos\/#breadcrumb\",\"itemListElement\":[{\"@type\":\"ListItem\",\"position\":1,\"name\":\"P\u00e1gina de inicio\",\"item\":\"https:\/\/www.bktronic.fr\/es\/\"},{\"@type\":\"ListItem\",\"position\":2,\"name\":\"BKTRONIC\",\"item\":\"https:\/\/www.bktronic.fr\/es\/\"},{\"@type\":\"ListItem\",\"position\":3,\"name\":\"Qui sommes nous&#160;?\"}]}]}<\/script>\n<!-- \/ Yoast SEO plugin. -->","yoast_head_json":{"title":"Qui sommes nous ? - Bktronic","description":"Bktronic est une soci\u00e9t\u00e9 sp\u00e9cialis\u00e9e dans la robotique ABB, KUKA et FANUC avec comme c\u0153ur de m\u00e9tier la r\u00e9paration \u00e9lectronique industrielle.","robots":{"index":"index","follow":"follow","max-snippet":"max-snippet:-1","max-image-preview":"max-image-preview:large","max-video-preview":"max-video-preview:-1"},"canonical":"https:\/\/www.bktronic.fr\/es\/bktronic-2\/a-propos\/","og_locale":"es_ES","og_type":"article","og_title":"Qui sommes nous ? - Bktronic","og_description":"Bktronic est une soci\u00e9t\u00e9 sp\u00e9cialis\u00e9e dans la robotique ABB, KUKA et FANUC avec comme c\u0153ur de m\u00e9tier la r\u00e9paration \u00e9lectronique industrielle.","og_url":"https:\/\/www.bktronic.fr\/es\/bktronic-2\/a-propos\/","og_site_name":"Bktronic","article_modified_time":"2022-07-26T11:57:45+00:00","og_image":[{"width":1798,"height":966,"url":"https:\/\/www.bktronic.fr\/wp-content\/uploads\/qui-sommes-nous-2-scaled-e1635344431831.jpg","type":"image\/jpeg"}],"twitter_card":"summary_large_image","twitter_misc":{"Tiempo de lectura":"3 minutos"},"schema":{"@context":"https:\/\/schema.org","@graph":[{"@type":"WebSite","@id":"https:\/\/www.bktronic.fr\/es\/#website","url":"https:\/\/www.bktronic.fr\/es\/","name":"Bktronic","description":"Especialista en rob\u00f3tica ABB, reparaciones y mantenimientos electr\u00f3nicos industriales - robot abb","potentialAction":[{"@type":"SearchAction","target":{"@type":"EntryPoint","urlTemplate":"https:\/\/www.bktronic.fr\/es\/?s={search_term_string}"},"query-input":"required name=search_term_string"}],"inLanguage":"es"},{"@type":"ImageObject","@id":"https:\/\/www.bktronic.fr\/es\/bktronic-2\/a-propos\/#primaryimage","inLanguage":"es","url":"https:\/\/www.bktronic.fr\/wp-content\/uploads\/qui-sommes-nous-2-scaled-e1635344431831.jpg","contentUrl":"https:\/\/www.bktronic.fr\/wp-content\/uploads\/qui-sommes-nous-2-scaled-e1635344431831.jpg","width":1798,"height":966},{"@type":"WebPage","@id":"https:\/\/www.bktronic.fr\/es\/bktronic-2\/a-propos\/#webpage","url":"https:\/\/www.bktronic.fr\/es\/bktronic-2\/a-propos\/","name":"Qui sommes nous ? - Bktronic","isPartOf":{"@id":"https:\/\/www.bktronic.fr\/es\/#website"},"primaryImageOfPage":{"@id":"https:\/\/www.bktronic.fr\/es\/bktronic-2\/a-propos\/#primaryimage"},"datePublished":"2017-11-29T16:16:35+00:00","dateModified":"2022-07-26T11:57:45+00:00","description":"Bktronic est une soci\u00e9t\u00e9 sp\u00e9cialis\u00e9e dans la robotique ABB, KUKA et FANUC avec comme c\u0153ur de m\u00e9tier la r\u00e9paration \u00e9lectronique industrielle.","breadcrumb":{"@id":"https:\/\/www.bktronic.fr\/es\/bktronic-2\/a-propos\/#breadcrumb"},"inLanguage":"es","potentialAction":[{"@type":"ReadAction","target":["https:\/\/www.bktronic.fr\/es\/bktronic-2\/a-propos\/"]}]},{"@type":"BreadcrumbList","@id":"https:\/\/www.bktronic.fr\/es\/bktronic-2\/a-propos\/#breadcrumb","itemListElement":[{"@type":"ListItem","position":1,"name":"P\u00e1gina de inicio","item":"https:\/\/www.bktronic.fr\/es\/"},{"@type":"ListItem","position":2,"name":"BKTRONIC","item":"https:\/\/www.bktronic.fr\/es\/"},{"@type":"ListItem","position":3,"name":"Qui sommes nous&#160;?"}]}]}},"_links":{"self":[{"href":"https:\/\/www.bktronic.fr\/es\/wp-json\/wp\/v2\/pages\/78"}],"collection":[{"href":"https:\/\/www.bktronic.fr\/es\/wp-json\/wp\/v2\/pages"}],"about":[{"href":"https:\/\/www.bktronic.fr\/es\/wp-json\/wp\/v2\/types\/page"}],"author":[{"embeddable":true,"href":"https:\/\/www.bktronic.fr\/es\/wp-json\/wp\/v2\/users\/5"}],"replies":[{"embeddable":true,"href":"https:\/\/www.bktronic.fr\/es\/wp-json\/wp\/v2\/comments?post=78"}],"version-history":[{"count":1,"href":"https:\/\/www.bktronic.fr\/es\/wp-json\/wp\/v2\/pages\/78\/revisions"}],"predecessor-version":[{"id":28883,"href":"https:\/\/www.bktronic.fr\/es\/wp-json\/wp\/v2\/pages\/78\/revisions\/28883"}],"up":[{"embeddable":true,"href":"https:\/\/www.bktronic.fr\/es\/wp-json\/wp\/v2\/pages\/2"}],"wp:featuredmedia":[{"embeddable":true,"href":"https:\/\/www.bktronic.fr\/es\/wp-json\/wp\/v2\/media\/12541"}],"wp:attachment":[{"href":"https:\/\/www.bktronic.fr\/es\/wp-json\/wp\/v2\/media?parent=78"}],"curies":[{"name":"wp","href":"https:\/\/api.w.org\/{rel}","templated":true}]}}