{"id":334,"date":"2017-11-29T17:14:35","date_gmt":"2017-11-29T16:14:35","guid":{"rendered":"https:\/\/www.bktronic.fr\/repair\/"},"modified":"2021-11-02T15:13:43","modified_gmt":"2021-11-02T14:13:43","slug":"reparacion","status":"publish","type":"page","link":"https:\/\/www.bktronic.fr\/it\/bktronic-4\/reparacion\/","title":{"rendered":"Reparaci\u00f3n de piezas de robots industriales"},"content":{"rendered":"<h2 \"text-align: center;\">REPARACIONES DE CALIDAD REALIZADAS POR ESPECIALISTAS<\/h2>\n<p><img src=\"https:\/\/www.bktronic.fr\/wp-content\/uploads\/diagnostic-6-e1635252495124.png\" alt=\"test sur robot industriel pour pi\u00e8ces de robots industriels\" class=\"aligncenter\" \/><\/p>\n<h4 style=\"text-align: center;\">\u00bfNecesitas reparar urgentemente una <span style=\"color: #f2cb5d;\">pieza de un robot industrial<\/span> que debes devolver al almac\u00e9n o para un proyecto de sustituci\u00f3n preventiva de un robot?<\/h4>\n<p>&nbsp;<\/p>\n<h4 style=\"text-align: center;\">Nuestro <span style=\"color: #f2cb5d;\">equipo de robotistas<\/span> est\u00e1 a tu servicio para realizar un diagn\u00f3stico completo y asesorarte sobre los pasos a seguir en la sustituci\u00f3n o reparaci\u00f3n de piezas de robots industriales.<\/h4>\n<p><img src=\"https:\/\/www.bktronic.fr\/wp-content\/uploads\/\/diagnostic-esp-e1635839376722-1024x673.png\" class=\"aligncenter size-large\" \/><\/p>\n<h3 style=\"text-align: center;\">Un <span style=\"color: #f2cb5d;\">diagn\u00f3stico<\/span> adaptado<\/h3>\n<p>Ofrecemos un diagn\u00f3stico que incluye un <strong>an\u00e1lisis completo<\/strong>, se controlan todos los elementos destinados a ser almacenados y se inspeccionan por completo. La reparaci\u00f3n o revisi\u00f3n de las<strong> piezas de los robots industriales<\/strong> (electr\u00f3nicas y mec\u00e1nicas) la realizan nuestros t\u00e9cnicos en nuestro taller.\u00a0 De hecho, poseemos y utilizamos <span style=\"color: #f2cb5d;\"><strong>equipos de \u00faltima generaci\u00f3n<\/strong><\/span> para optimizar nuestro diagn\u00f3stico: <strong>m\u00e1quina BGA, rayos X<\/strong>.<\/p>\n<h3><img src=\"https:\/\/www.bktronic.fr\/wp-content\/uploads\/\/reparation-es-e1635839600615-1024x673.jpg\" class=\"size-large aligncenter\" \/><\/h3>\n<h3 style=\"text-align: center;\">Un procedimiento de<span style=\"color: #f2cb5d;\"> reparaci\u00f3n<\/span> integral<\/h3>\n<p style=\"text-align: left;\">Dependiendo del defecto, seguimos un <strong>procedimiento preciso<\/strong> para la reparaci\u00f3n de tu<strong> equipo rob\u00f3tico<\/strong>. Adem\u00e1s de la reparaci\u00f3n y de la\u00a0<strong>sustituci\u00f3n de\u00a0<\/strong><strong>piezas defectuosas<\/strong>, se revisan y se cambian los componentes que puedan fallar en el futuro de forma preventiva.<\/p>\n<p>&nbsp;<\/p>\n<p><img src=\"https:\/\/www.bktronic.fr\/wp-content\/uploads\/\/tst-robot-esp-e1635840011578-1024x573.jpg\" class=\"size-large aligncenter\" \/><\/p>\n<p>&nbsp;<\/p>\n<h3 style=\"text-align: center;\"><span style=\"color: #f2cb5c;\">Pruebas sobre robots<\/span>\u00a0efectuadas por nuestros expertos<\/h3>\n<p>&nbsp;<\/p>\n<p style=\"text-align: left;\">Especializados en el \u00e1mbito de la rob\u00f3tica, nuestros t\u00e9cnicos en electr\u00f3nica son capaces de reparar y hacer que las piezas sean lo m\u00e1s fiables posible.<\/p>\n<p style=\"text-align: left;\"><strong>Con m\u00e1s de 25 robots e instalaciones de prueba espec\u00edficas, nos aseguramos de que las piezas reparadas funcionen correctamente en condiciones similares a las de la producci\u00f3n.<\/strong><\/p>\n<p style=\"text-align: left;\">Realizamos nuestro trabajo en condiciones \u00f3ptimas. Por \u00faltimo, el equipo se probar\u00e1 en un robot, seg\u00fan criterios precisos, para garantizar su funcionamiento al 100%.<\/p>\n<p style=\"text-align: left;\">Los conocimientos que hemos adquirido a lo largo del tiempo, junto con las <strong>exhaustivas pruebas de los robots<\/strong>, nos permiten garantizar que se reciba una pieza <strong>100% funcional<\/strong> en el momento de la entrega y <strong>una tasa de devoluci\u00f3n muy baja<\/strong> durante el per\u00edodo de garant\u00eda.<\/p>\n<h3 style=\"text-align: center;\"><img src=\"https:\/\/www.bktronic.fr\/wp-content\/uploads\/diagnostic-6-e1635252495124.png\" class=\"size-full aligncenter\" \/><\/h3>\n<h3 style=\"text-align: center;\">\u00a1No dudes y <span style=\"color: #f2cb5d;\">cont\u00e1ctanos<\/span>!<\/h3>\n<p>&nbsp;<\/p>\n<h3 style=\"text-align: center;\">Responderemos de la manera m\u00e1s adecuada a tus necesidades.<\/h3>\n<p>&nbsp;<\/p>\n<h2 class=\"section-contact-title show-for-sr\">Cont\u00e1ctenos<\/h2>\n","protected":false},"excerpt":{"rendered":"<p>REPARACIONES DE CALIDAD REALIZADAS POR ESPECIALISTAS \u00bfNecesitas reparar urgentemente una pieza de un robot industrial que debes devolver al almac\u00e9n o para un proyecto de sustituci\u00f3n preventiva de un robot? [&hellip;]<\/p>\n","protected":false},"author":5,"featured_media":12633,"parent":151,"menu_order":10,"comment_status":"closed","ping_status":"closed","template":"","meta":[],"acf":[],"yoast_head":"<!-- This site is optimized with the Yoast SEO plugin v18.3 - https:\/\/yoast.com\/wordpress\/plugins\/seo\/ -->\n<title>Reparaci\u00f3n de piezas de robots industriales<\/title>\n<meta name=\"description\" content=\"Especialista en el \u00e1mbito de la rob\u00f3tica, Bktronic te ofrece la reparaci\u00f3n de piezas de robots industriales de ABB y Kuka.\" \/>\n<meta name=\"robots\" content=\"index, follow, max-snippet:-1, max-image-preview:large, max-video-preview:-1\" \/>\n<link rel=\"canonical\" href=\"https:\/\/www.bktronic.fr\/it\/bktronic-4\/reparacion\/\" \/>\n<meta property=\"og:locale\" content=\"it_IT\" \/>\n<meta property=\"og:type\" content=\"article\" \/>\n<meta property=\"og:title\" content=\"Reparaci\u00f3n de piezas de robots industriales\" \/>\n<meta property=\"og:description\" content=\"Especialista en el \u00e1mbito de la rob\u00f3tica, Bktronic te ofrece la reparaci\u00f3n de piezas de robots industriales de ABB y Kuka.\" \/>\n<meta property=\"og:url\" content=\"https:\/\/www.bktronic.fr\/it\/bktronic-4\/reparacion\/\" \/>\n<meta property=\"og:site_name\" content=\"Bktronic\" \/>\n<meta property=\"article:modified_time\" content=\"2021-11-02T14:13:43+00:00\" \/>\n<meta property=\"og:image\" content=\"https:\/\/www.bktronic.fr\/wp-content\/uploads\/reparation-es-e1635839600615.jpg\" \/>\n\t<meta property=\"og:image:width\" content=\"2000\" \/>\n\t<meta property=\"og:image:height\" content=\"1315\" \/>\n\t<meta property=\"og:image:type\" content=\"image\/jpeg\" \/>\n<meta name=\"twitter:card\" content=\"summary_large_image\" \/>\n<meta name=\"twitter:label1\" content=\"Tempo di lettura stimato\" \/>\n\t<meta name=\"twitter:data1\" content=\"3 minuti\" \/>\n<script type=\"application\/ld+json\" class=\"yoast-schema-graph\">{\"@context\":\"https:\/\/schema.org\",\"@graph\":[{\"@type\":\"WebSite\",\"@id\":\"https:\/\/www.bktronic.fr\/it\/#website\",\"url\":\"https:\/\/www.bktronic.fr\/it\/\",\"name\":\"Bktronic\",\"description\":\"Sp\u00e9cialiste en robotique ABB, r\u00e9paration et maintenance \u00e9lectronique industrielle - robot abb\",\"potentialAction\":[{\"@type\":\"SearchAction\",\"target\":{\"@type\":\"EntryPoint\",\"urlTemplate\":\"https:\/\/www.bktronic.fr\/it\/?s={search_term_string}\"},\"query-input\":\"required name=search_term_string\"}],\"inLanguage\":\"it-IT\"},{\"@type\":\"ImageObject\",\"@id\":\"https:\/\/www.bktronic.fr\/it\/bktronic-4\/reparacion\/#primaryimage\",\"inLanguage\":\"it-IT\",\"url\":\"https:\/\/www.bktronic.fr\/wp-content\/uploads\/reparation-es-e1635839600615.jpg\",\"contentUrl\":\"https:\/\/www.bktronic.fr\/wp-content\/uploads\/reparation-es-e1635839600615.jpg\",\"width\":2000,\"height\":1315},{\"@type\":\"WebPage\",\"@id\":\"https:\/\/www.bktronic.fr\/it\/bktronic-4\/reparacion\/#webpage\",\"url\":\"https:\/\/www.bktronic.fr\/it\/bktronic-4\/reparacion\/\",\"name\":\"Reparaci\u00f3n de piezas de robots industriales\",\"isPartOf\":{\"@id\":\"https:\/\/www.bktronic.fr\/it\/#website\"},\"primaryImageOfPage\":{\"@id\":\"https:\/\/www.bktronic.fr\/it\/bktronic-4\/reparacion\/#primaryimage\"},\"datePublished\":\"2017-11-29T16:14:35+00:00\",\"dateModified\":\"2021-11-02T14:13:43+00:00\",\"description\":\"Especialista en el \u00e1mbito de la rob\u00f3tica, Bktronic te ofrece la reparaci\u00f3n de piezas de robots industriales de ABB y Kuka.\",\"breadcrumb\":{\"@id\":\"https:\/\/www.bktronic.fr\/it\/bktronic-4\/reparacion\/#breadcrumb\"},\"inLanguage\":\"it-IT\",\"potentialAction\":[{\"@type\":\"ReadAction\",\"target\":[\"https:\/\/www.bktronic.fr\/it\/bktronic-4\/reparacion\/\"]}]},{\"@type\":\"BreadcrumbList\",\"@id\":\"https:\/\/www.bktronic.fr\/it\/bktronic-4\/reparacion\/#breadcrumb\",\"itemListElement\":[{\"@type\":\"ListItem\",\"position\":1,\"name\":\"Pagina iniziale\",\"item\":\"https:\/\/www.bktronic.fr\/it\/\"},{\"@type\":\"ListItem\",\"position\":2,\"name\":\"Reparaci\u00f3n de piezas de robots industriales\"}]}]}<\/script>\n<!-- \/ Yoast SEO plugin. -->","yoast_head_json":{"title":"Reparaci\u00f3n de piezas de robots industriales","description":"Especialista en el \u00e1mbito de la rob\u00f3tica, Bktronic te ofrece la reparaci\u00f3n de piezas de robots industriales de ABB y Kuka.","robots":{"index":"index","follow":"follow","max-snippet":"max-snippet:-1","max-image-preview":"max-image-preview:large","max-video-preview":"max-video-preview:-1"},"canonical":"https:\/\/www.bktronic.fr\/it\/bktronic-4\/reparacion\/","og_locale":"it_IT","og_type":"article","og_title":"Reparaci\u00f3n de piezas de robots industriales","og_description":"Especialista en el \u00e1mbito de la rob\u00f3tica, Bktronic te ofrece la reparaci\u00f3n de piezas de robots industriales de ABB y Kuka.","og_url":"https:\/\/www.bktronic.fr\/it\/bktronic-4\/reparacion\/","og_site_name":"Bktronic","article_modified_time":"2021-11-02T14:13:43+00:00","og_image":[{"width":2000,"height":1315,"url":"https:\/\/www.bktronic.fr\/wp-content\/uploads\/reparation-es-e1635839600615.jpg","type":"image\/jpeg"}],"twitter_card":"summary_large_image","twitter_misc":{"Tempo di lettura stimato":"3 minuti"},"schema":{"@context":"https:\/\/schema.org","@graph":[{"@type":"WebSite","@id":"https:\/\/www.bktronic.fr\/it\/#website","url":"https:\/\/www.bktronic.fr\/it\/","name":"Bktronic","description":"Sp\u00e9cialiste en robotique ABB, r\u00e9paration et maintenance \u00e9lectronique industrielle - robot abb","potentialAction":[{"@type":"SearchAction","target":{"@type":"EntryPoint","urlTemplate":"https:\/\/www.bktronic.fr\/it\/?s={search_term_string}"},"query-input":"required name=search_term_string"}],"inLanguage":"it-IT"},{"@type":"ImageObject","@id":"https:\/\/www.bktronic.fr\/it\/bktronic-4\/reparacion\/#primaryimage","inLanguage":"it-IT","url":"https:\/\/www.bktronic.fr\/wp-content\/uploads\/reparation-es-e1635839600615.jpg","contentUrl":"https:\/\/www.bktronic.fr\/wp-content\/uploads\/reparation-es-e1635839600615.jpg","width":2000,"height":1315},{"@type":"WebPage","@id":"https:\/\/www.bktronic.fr\/it\/bktronic-4\/reparacion\/#webpage","url":"https:\/\/www.bktronic.fr\/it\/bktronic-4\/reparacion\/","name":"Reparaci\u00f3n de piezas de robots industriales","isPartOf":{"@id":"https:\/\/www.bktronic.fr\/it\/#website"},"primaryImageOfPage":{"@id":"https:\/\/www.bktronic.fr\/it\/bktronic-4\/reparacion\/#primaryimage"},"datePublished":"2017-11-29T16:14:35+00:00","dateModified":"2021-11-02T14:13:43+00:00","description":"Especialista en el \u00e1mbito de la rob\u00f3tica, Bktronic te ofrece la reparaci\u00f3n de piezas de robots industriales de ABB y Kuka.","breadcrumb":{"@id":"https:\/\/www.bktronic.fr\/it\/bktronic-4\/reparacion\/#breadcrumb"},"inLanguage":"it-IT","potentialAction":[{"@type":"ReadAction","target":["https:\/\/www.bktronic.fr\/it\/bktronic-4\/reparacion\/"]}]},{"@type":"BreadcrumbList","@id":"https:\/\/www.bktronic.fr\/it\/bktronic-4\/reparacion\/#breadcrumb","itemListElement":[{"@type":"ListItem","position":1,"name":"Pagina iniziale","item":"https:\/\/www.bktronic.fr\/it\/"},{"@type":"ListItem","position":2,"name":"Reparaci\u00f3n de piezas de robots industriales"}]}]}},"_links":{"self":[{"href":"https:\/\/www.bktronic.fr\/it\/wp-json\/wp\/v2\/pages\/334"}],"collection":[{"href":"https:\/\/www.bktronic.fr\/it\/wp-json\/wp\/v2\/pages"}],"about":[{"href":"https:\/\/www.bktronic.fr\/it\/wp-json\/wp\/v2\/types\/page"}],"author":[{"embeddable":true,"href":"https:\/\/www.bktronic.fr\/it\/wp-json\/wp\/v2\/users\/5"}],"replies":[{"embeddable":true,"href":"https:\/\/www.bktronic.fr\/it\/wp-json\/wp\/v2\/comments?post=334"}],"version-history":[{"count":0,"href":"https:\/\/www.bktronic.fr\/it\/wp-json\/wp\/v2\/pages\/334\/revisions"}],"up":[{"embeddable":true,"href":"https:\/\/www.bktronic.fr\/it\/wp-json\/wp\/v2\/pages\/151"}],"wp:featuredmedia":[{"embeddable":true,"href":"https:\/\/www.bktronic.fr\/it\/wp-json\/wp\/v2\/media\/12633"}],"wp:attachment":[{"href":"https:\/\/www.bktronic.fr\/it\/wp-json\/wp\/v2\/media?parent=334"}],"curies":[{"name":"wp","href":"https:\/\/api.w.org\/{rel}","templated":true}]}}